{"id":20595,"date":"2024-07-10T00:07:25","date_gmt":"2024-07-09T22:07:25","guid":{"rendered":"https:\/\/eterle.cz\/eshop\/produkt\/karafa-10\/"},"modified":"2026-03-04T22:05:52","modified_gmt":"2026-03-04T21:05:52","slug":"karafa-10","status":"publish","type":"product","link":"https:\/\/eterle.cz\/eshop\/produkt\/karafa-10\/","title":{"rendered":"Karafa"},"content":{"rendered":"<p>Sklen\u011bn\u00e1 karafa zaj\u00edmav\u00e9ho tvaru vhodn\u00e1 na lik\u00e9r.<\/p>\n<p>Stav: dobr\u00fd, jen za\u010dervenal\u00e9 brou\u0161en\u00ed uvnit\u0159 hrdla a na \u0161puntu<br \/>\nRozm\u011br<br \/>\nObjem: 500 ml<br \/>\nV\u00fd\u0161ka: 27,5 cm<\/p>\n","protected":false},"excerpt":{"rendered":"<p>Sklen\u011bn\u00e1 karafa zaj\u00edmav\u00e9ho tvaru vhodn\u00e1 na lik\u00e9r. Stav: dobr\u00fd, jen za\u010dervenal\u00e9 brou\u0161en\u00ed uvnit\u0159 hrdla a na \u0161puntu Rozm\u011br Objem: 500<\/p>\n","protected":false},"featured_media":20596,"template":"","meta":[],"product_brand":[153],"product_cat":[91],"product_tag":[],"class_list":{"0":"post-20595","1":"product","2":"type-product","3":"status-publish","4":"has-post-thumbnail","6":"product_brand-eterle-cz","7":"product_cat-prodane","9":"first","10":"outofstock","11":"purchasable","12":"product-type-simple"},"_links":{"self":[{"href":"https:\/\/eterle.cz\/eshop\/wp-json\/wp\/v2\/product\/20595","targetHints":{"allow":["GET"]}}],"collection":[{"href":"https:\/\/eterle.cz\/eshop\/wp-json\/wp\/v2\/product"}],"about":[{"href":"https:\/\/eterle.cz\/eshop\/wp-json\/wp\/v2\/types\/product"}],"version-history":[{"count":1,"href":"https:\/\/eterle.cz\/eshop\/wp-json\/wp\/v2\/product\/20595\/revisions"}],"predecessor-version":[{"id":26475,"href":"https:\/\/eterle.cz\/eshop\/wp-json\/wp\/v2\/product\/20595\/revisions\/26475"}],"wp:featuredmedia":[{"embeddable":true,"href":"https:\/\/eterle.cz\/eshop\/wp-json\/wp\/v2\/media\/20596"}],"wp:attachment":[{"href":"https:\/\/eterle.cz\/eshop\/wp-json\/wp\/v2\/media?parent=20595"}],"wp:term":[{"taxonomy":"product_brand","embeddable":true,"href":"https:\/\/eterle.cz\/eshop\/wp-json\/wp\/v2\/product_brand?post=20595"},{"taxonomy":"product_cat","embeddable":true,"href":"https:\/\/eterle.cz\/eshop\/wp-json\/wp\/v2\/product_cat?post=20595"},{"taxonomy":"product_tag","embeddable":true,"href":"https:\/\/eterle.cz\/eshop\/wp-json\/wp\/v2\/product_tag?post=20595"}],"curies":[{"name":"wp","href":"https:\/\/api.w.org\/{rel}","templated":true}]}}