{"id":21343,"date":"2024-10-14T14:02:19","date_gmt":"2024-10-14T12:02:19","guid":{"rendered":"https:\/\/eterle.cz\/eshop\/produkt\/konferencni-stolek-8\/"},"modified":"2025-06-24T01:55:30","modified_gmt":"2025-06-23T23:55:30","slug":"konferencni-stolek-8","status":"publish","type":"product","link":"https:\/\/eterle.cz\/eshop\/produkt\/konferencni-stolek-8\/","title":{"rendered":"Konferen\u010dn\u00ed stolek"},"content":{"rendered":"<p>Subtiln\u00ed konferen\u010dn\u00ed stolek vhodn\u00fd na velkou solit\u00e9rn\u00ed v\u00e1zu \u010di sochu, p\u0159\u00edpadn\u011b na k\u00e1vu s kamar\u00e1dkou. Stolek je velmi jednoduch\u00fd tvar, ale vyza\u0159uje z n\u011bj hostorie. D\u0159ev\u011bn\u00e1 deska je chr\u00e1n\u011bna sklem.<\/p>\n<p>Stav: dobr\u00fd s lehkou patinou (na jedn\u00e9 noze chyb\u00ed kousek d\u00fdhy, viz detail foto)<br \/>\nRozm\u011br<br \/>\nV\u00fd\u0161ka: 66 cm<br \/>\nPr\u016fm\u011br: 75 cm<\/p>\n","protected":false},"excerpt":{"rendered":"<p>Subtiln\u00ed konferen\u010dn\u00ed stolek vhodn\u00fd na velkou solit\u00e9rn\u00ed v\u00e1zu \u010di sochu, p\u0159\u00edpadn\u011b na k\u00e1vu s kamar\u00e1dkou. Stolek je velmi jednoduch\u00fd tvar,<\/p>\n","protected":false},"featured_media":20854,"template":"","meta":[],"product_brand":[153],"product_cat":[130,124],"product_tag":[],"class_list":{"0":"post-21343","1":"product","2":"type-product","3":"status-publish","4":"has-post-thumbnail","6":"product_brand-eterle-cz","7":"product_cat-nabytek","8":"product_cat-stoly","9":"product_shipping_class-nadrozmerne","11":"first","12":"instock","13":"purchasable","14":"product-type-simple"},"_links":{"self":[{"href":"https:\/\/eterle.cz\/eshop\/wp-json\/wp\/v2\/product\/21343","targetHints":{"allow":["GET"]}}],"collection":[{"href":"https:\/\/eterle.cz\/eshop\/wp-json\/wp\/v2\/product"}],"about":[{"href":"https:\/\/eterle.cz\/eshop\/wp-json\/wp\/v2\/types\/product"}],"version-history":[{"count":1,"href":"https:\/\/eterle.cz\/eshop\/wp-json\/wp\/v2\/product\/21343\/revisions"}],"predecessor-version":[{"id":26474,"href":"https:\/\/eterle.cz\/eshop\/wp-json\/wp\/v2\/product\/21343\/revisions\/26474"}],"wp:featuredmedia":[{"embeddable":true,"href":"https:\/\/eterle.cz\/eshop\/wp-json\/wp\/v2\/media\/20854"}],"wp:attachment":[{"href":"https:\/\/eterle.cz\/eshop\/wp-json\/wp\/v2\/media?parent=21343"}],"wp:term":[{"taxonomy":"product_brand","embeddable":true,"href":"https:\/\/eterle.cz\/eshop\/wp-json\/wp\/v2\/product_brand?post=21343"},{"taxonomy":"product_cat","embeddable":true,"href":"https:\/\/eterle.cz\/eshop\/wp-json\/wp\/v2\/product_cat?post=21343"},{"taxonomy":"product_tag","embeddable":true,"href":"https:\/\/eterle.cz\/eshop\/wp-json\/wp\/v2\/product_tag?post=21343"}],"curies":[{"name":"wp","href":"https:\/\/api.w.org\/{rel}","templated":true}]}}