{"id":21344,"date":"2024-10-14T14:02:24","date_gmt":"2024-10-14T12:02:24","guid":{"rendered":"https:\/\/eterle.cz\/eshop\/produkt\/konferencni-stolek-cerny\/"},"modified":"2025-02-16T02:45:20","modified_gmt":"2025-02-16T01:45:20","slug":"konferencni-stolek-cerny","status":"publish","type":"product","link":"https:\/\/eterle.cz\/eshop\/produkt\/konferencni-stolek-cerny\/","title":{"rendered":"Konferen\u010dn\u00ed stolek \u010dern\u00fd"},"content":{"rendered":"<p>Konferen\u010dn\u00ed stolek v \u010dern\u00e9 barv\u011b se zaj\u00edmav\u011b posazen\u00fdmi nohami z obdob\u00ed Art Deca. Kr\u00e1sn\u011b na n\u011bm bude vypadat velk\u00e1 v\u00e1za a doln\u00ed police se d\u00e1 dob\u0159e vyu\u017e\u00edt t\u0159eba na \u010dasopisy.<\/p>\n<p>Stav: dobr\u00fd s patinou (m\u00edsty od\u0159en\u00e1 barva na horn\u00ed desce a noze, viz. detaily fotek)<br \/>\nRozm\u011br<br \/>\nV\u00fd\u0161ka: 66 cm<br \/>\nPr\u016fm\u011br: 77.5 cm<\/p>\n","protected":false},"excerpt":{"rendered":"<p>Konferen\u010dn\u00ed stolek v \u010dern\u00e9 barv\u011b se zaj\u00edmav\u011b posazen\u00fdmi nohami z obdob\u00ed Art Deca. Kr\u00e1sn\u011b na n\u011bm bude vypadat velk\u00e1 v\u00e1za<\/p>\n","protected":false},"featured_media":20856,"template":"","meta":[],"product_brand":[153],"product_cat":[91],"product_tag":[],"class_list":{"0":"post-21344","1":"product","2":"type-product","3":"status-publish","4":"has-post-thumbnail","6":"product_brand-eterle-cz","7":"product_cat-prodane","8":"product_shipping_class-nadrozmerne","10":"first","11":"outofstock","12":"purchasable","13":"product-type-simple"},"_links":{"self":[{"href":"https:\/\/eterle.cz\/eshop\/wp-json\/wp\/v2\/product\/21344","targetHints":{"allow":["GET"]}}],"collection":[{"href":"https:\/\/eterle.cz\/eshop\/wp-json\/wp\/v2\/product"}],"about":[{"href":"https:\/\/eterle.cz\/eshop\/wp-json\/wp\/v2\/types\/product"}],"version-history":[{"count":0,"href":"https:\/\/eterle.cz\/eshop\/wp-json\/wp\/v2\/product\/21344\/revisions"}],"wp:featuredmedia":[{"embeddable":true,"href":"https:\/\/eterle.cz\/eshop\/wp-json\/wp\/v2\/media\/20856"}],"wp:attachment":[{"href":"https:\/\/eterle.cz\/eshop\/wp-json\/wp\/v2\/media?parent=21344"}],"wp:term":[{"taxonomy":"product_brand","embeddable":true,"href":"https:\/\/eterle.cz\/eshop\/wp-json\/wp\/v2\/product_brand?post=21344"},{"taxonomy":"product_cat","embeddable":true,"href":"https:\/\/eterle.cz\/eshop\/wp-json\/wp\/v2\/product_cat?post=21344"},{"taxonomy":"product_tag","embeddable":true,"href":"https:\/\/eterle.cz\/eshop\/wp-json\/wp\/v2\/product_tag?post=21344"}],"curies":[{"name":"wp","href":"https:\/\/api.w.org\/{rel}","templated":true}]}}