{"id":21347,"date":"2024-10-14T14:02:43","date_gmt":"2024-10-14T12:02:43","guid":{"rendered":"https:\/\/eterle.cz\/eshop\/produkt\/stul-pavouk-svetly-halabala\/"},"modified":"2025-12-22T20:06:33","modified_gmt":"2025-12-22T19:06:33","slug":"stul-pavouk-svetly-halabala","status":"publish","type":"product","link":"https:\/\/eterle.cz\/eshop\/produkt\/stul-pavouk-svetly-halabala\/","title":{"rendered":"St\u016fl &#8222;pavouk&#8220; sv\u011btl\u00fd \/ Halabala"},"content":{"rendered":"<p>Legend\u00e1rn\u00ed designov\u011b nad\u010dasov\u00fd stolek s ozna\u010den\u00edm H-259, kter\u00fd je zn\u00e1m\u00fd pod n\u00e1zvem pavouk navrhl v 50. letech 20. stolet\u00ed Jind\u0159icha Halabala pro \u00daP z\u00e1vody.<\/p>\n<p>Stav: velmi dobr\u00fd, p\u016fvodn\u00ed stav<br \/>\nZna\u010dka: Jind\u0159ich Halabala<br \/>\nRozm\u011br<br \/>\nV\u00fd\u0161ka: 65 cm<br \/>\n\u0160\u00ed\u0159ka: 64,5 x 64,5 cm<\/p>\n","protected":false},"excerpt":{"rendered":"<p>Legend\u00e1rn\u00ed designov\u011b nad\u010dasov\u00fd stolek s ozna\u010den\u00edm H-259, kter\u00fd je zn\u00e1m\u00fd pod n\u00e1zvem pavouk navrhl v 50. letech 20. stolet\u00ed Jind\u0159icha<\/p>\n","protected":false},"featured_media":20862,"template":"","meta":[],"product_brand":[153],"product_cat":[91],"product_tag":[],"class_list":{"0":"post-21347","1":"product","2":"type-product","3":"status-publish","4":"has-post-thumbnail","6":"product_brand-eterle-cz","7":"product_cat-prodane","8":"product_shipping_class-nadrozmerne","10":"first","11":"outofstock","12":"purchasable","13":"product-type-simple"},"_links":{"self":[{"href":"https:\/\/eterle.cz\/eshop\/wp-json\/wp\/v2\/product\/21347","targetHints":{"allow":["GET"]}}],"collection":[{"href":"https:\/\/eterle.cz\/eshop\/wp-json\/wp\/v2\/product"}],"about":[{"href":"https:\/\/eterle.cz\/eshop\/wp-json\/wp\/v2\/types\/product"}],"version-history":[{"count":1,"href":"https:\/\/eterle.cz\/eshop\/wp-json\/wp\/v2\/product\/21347\/revisions"}],"predecessor-version":[{"id":26472,"href":"https:\/\/eterle.cz\/eshop\/wp-json\/wp\/v2\/product\/21347\/revisions\/26472"}],"wp:featuredmedia":[{"embeddable":true,"href":"https:\/\/eterle.cz\/eshop\/wp-json\/wp\/v2\/media\/20862"}],"wp:attachment":[{"href":"https:\/\/eterle.cz\/eshop\/wp-json\/wp\/v2\/media?parent=21347"}],"wp:term":[{"taxonomy":"product_brand","embeddable":true,"href":"https:\/\/eterle.cz\/eshop\/wp-json\/wp\/v2\/product_brand?post=21347"},{"taxonomy":"product_cat","embeddable":true,"href":"https:\/\/eterle.cz\/eshop\/wp-json\/wp\/v2\/product_cat?post=21347"},{"taxonomy":"product_tag","embeddable":true,"href":"https:\/\/eterle.cz\/eshop\/wp-json\/wp\/v2\/product_tag?post=21347"}],"curies":[{"name":"wp","href":"https:\/\/api.w.org\/{rel}","templated":true}]}}