{"id":21348,"date":"2024-10-14T14:02:48","date_gmt":"2024-10-14T12:02:48","guid":{"rendered":"https:\/\/eterle.cz\/eshop\/produkt\/knihovna-2\/"},"modified":"2025-09-17T22:09:52","modified_gmt":"2025-09-17T20:09:52","slug":"knihovna-2","status":"publish","type":"product","link":"https:\/\/eterle.cz\/eshop\/produkt\/knihovna-2\/","title":{"rendered":"Knihovna"},"content":{"rendered":"<p>Kr\u00e1sn\u00e1 knihovna s praktick\u00fdm rozd\u011blen\u00edm na dv\u011b prosklen\u00e9 a \u010deln\u00ed uzav\u0159enou \u010d\u00e1s, kter\u00e1 je zdoben\u00e1 malovan\u00fdm dekorem kv\u011btin. Nejrad\u011bji bychom si zalo\u017eily kv\u011btin\u00e1\u0159stv\u00ed a daly ji tam jako solit\u00e9r. Jeliko\u017e k tomu ale nedojde, m\u00e1te p\u0159\u00edle\u017eitost po\u0159id\u00edt si ji do va\u0161ho jedine\u010dn\u00e9ho prostoru.<\/p>\n<p>Stav: p\u016fvodn\u00ed zachoval\u00fd stav, kl\u00ed\u010dky nem\u00e1, na prav\u00fdch horn\u00edch dve\u0159\u00ed chyb\u00ed kousek d\u00fdhy a prav\u00fd horn\u00ed roh lehce od\u0159en\u00fd a chyb\u00ed kus li\u0161ty (viz.foto)<br \/>\nRozm\u011br<br \/>\nV\u00fd\u0161ka: 189 cm<br \/>\n\u0160\u00ed\u0159ka: 211 cm<br \/>\nHloubka: 52 cm<\/p>\n","protected":false},"excerpt":{"rendered":"<p>Kr\u00e1sn\u00e1 knihovna s praktick\u00fdm rozd\u011blen\u00edm na dv\u011b prosklen\u00e9 a \u010deln\u00ed uzav\u0159enou \u010d\u00e1s, kter\u00e1 je zdoben\u00e1 malovan\u00fdm dekorem kv\u011btin. Nejrad\u011bji bychom<\/p>\n","protected":false},"featured_media":20864,"template":"","meta":[],"product_brand":[153],"product_cat":[91],"product_tag":[],"class_list":{"0":"post-21348","1":"product","2":"type-product","3":"status-publish","4":"has-post-thumbnail","6":"product_brand-eterle-cz","7":"product_cat-prodane","8":"product_shipping_class-nadrozmerne","10":"first","11":"outofstock","12":"purchasable","13":"product-type-simple"},"_links":{"self":[{"href":"https:\/\/eterle.cz\/eshop\/wp-json\/wp\/v2\/product\/21348","targetHints":{"allow":["GET"]}}],"collection":[{"href":"https:\/\/eterle.cz\/eshop\/wp-json\/wp\/v2\/product"}],"about":[{"href":"https:\/\/eterle.cz\/eshop\/wp-json\/wp\/v2\/types\/product"}],"version-history":[{"count":1,"href":"https:\/\/eterle.cz\/eshop\/wp-json\/wp\/v2\/product\/21348\/revisions"}],"predecessor-version":[{"id":26471,"href":"https:\/\/eterle.cz\/eshop\/wp-json\/wp\/v2\/product\/21348\/revisions\/26471"}],"wp:featuredmedia":[{"embeddable":true,"href":"https:\/\/eterle.cz\/eshop\/wp-json\/wp\/v2\/media\/20864"}],"wp:attachment":[{"href":"https:\/\/eterle.cz\/eshop\/wp-json\/wp\/v2\/media?parent=21348"}],"wp:term":[{"taxonomy":"product_brand","embeddable":true,"href":"https:\/\/eterle.cz\/eshop\/wp-json\/wp\/v2\/product_brand?post=21348"},{"taxonomy":"product_cat","embeddable":true,"href":"https:\/\/eterle.cz\/eshop\/wp-json\/wp\/v2\/product_cat?post=21348"},{"taxonomy":"product_tag","embeddable":true,"href":"https:\/\/eterle.cz\/eshop\/wp-json\/wp\/v2\/product_tag?post=21348"}],"curies":[{"name":"wp","href":"https:\/\/api.w.org\/{rel}","templated":true}]}}