{"id":21349,"date":"2024-10-14T14:02:53","date_gmt":"2024-10-14T12:02:53","guid":{"rendered":"https:\/\/eterle.cz\/eshop\/produkt\/satni-skrin-s-supliky-pozar\/"},"modified":"2025-02-24T15:46:53","modified_gmt":"2025-02-24T14:46:53","slug":"satni-skrin-s-supliky-pozar","status":"publish","type":"product","link":"https:\/\/eterle.cz\/eshop\/produkt\/satni-skrin-s-supliky-pozar\/","title":{"rendered":"\u0160atn\u00ed sk\u0159\u00ed\u0148 s \u0161upl\u00edky \/ Po\u017e\u00e1r"},"content":{"rendered":"<p>\u0160atn\u00ed sk\u0159\u00ed\u0148 od n\u00e1vrh\u00e1\u0159e Mojm\u00edra Po\u017e\u00e1ra pro UP Bu\u010dovice je \u010dlen\u011bn\u00e1 na dv\u011b \u010d\u00e1sti. Vrchn\u00ed d\u00edl tvo\u0159\u00ed otv\u00edrac\u00ed \u010d\u00e1st s policemi a doln\u00ed p\u011btice \u0161upl\u00edk\u016f. I kdy\u017e je pouze hn\u011bd\u00e1 (vyjma b\u00e9\u017eov\u00fdch \u00fachyt\u016f), st\u0159\u00edd\u00e1 se na ni n\u011bkolik odst\u00edn\u016f a rozhodn\u011b nep\u016fsob\u00ed f\u00e1dn\u00edm dojmem.<\/p>\n<p>Stav: p\u016fvodn\u00ed zachoval\u00fd stav, m\u00edsty od\u0159en\u00fd lak na \u00fachytech, prav\u00fd bok sk\u0159\u00edn\u011b v\u011bt\u0161\u00ed patina v laku (v\u0161e viz detaily fotek). M\u016f\u017ee b\u00fdt patrn\u011bj\u0161\u00ed v\u016fn\u011b star\u00fdch \u010das\u016f.<br \/>\nZna\u010dka: Mojm\u00edr Po\u017e\u00e1r<br \/>\nRozm\u011br<br \/>\nV\u00fd\u0161ka: 161 cm<br \/>\n\u0160\u00ed\u0159ka: 60 cm<br \/>\nHloubka: 60 cm<\/p>\n","protected":false},"excerpt":{"rendered":"<p>\u0160atn\u00ed sk\u0159\u00ed\u0148 od n\u00e1vrh\u00e1\u0159e Mojm\u00edra Po\u017e\u00e1ra pro UP Bu\u010dovice je \u010dlen\u011bn\u00e1 na dv\u011b \u010d\u00e1sti. Vrchn\u00ed d\u00edl tvo\u0159\u00ed otv\u00edrac\u00ed \u010d\u00e1st s<\/p>\n","protected":false},"featured_media":20866,"template":"","meta":[],"product_brand":[153],"product_cat":[91],"product_tag":[],"class_list":{"0":"post-21349","1":"product","2":"type-product","3":"status-publish","4":"has-post-thumbnail","6":"product_brand-eterle-cz","7":"product_cat-prodane","8":"product_shipping_class-nadrozmerne","10":"first","11":"outofstock","12":"purchasable","13":"product-type-simple"},"_links":{"self":[{"href":"https:\/\/eterle.cz\/eshop\/wp-json\/wp\/v2\/product\/21349","targetHints":{"allow":["GET"]}}],"collection":[{"href":"https:\/\/eterle.cz\/eshop\/wp-json\/wp\/v2\/product"}],"about":[{"href":"https:\/\/eterle.cz\/eshop\/wp-json\/wp\/v2\/types\/product"}],"version-history":[{"count":1,"href":"https:\/\/eterle.cz\/eshop\/wp-json\/wp\/v2\/product\/21349\/revisions"}],"predecessor-version":[{"id":23906,"href":"https:\/\/eterle.cz\/eshop\/wp-json\/wp\/v2\/product\/21349\/revisions\/23906"}],"wp:featuredmedia":[{"embeddable":true,"href":"https:\/\/eterle.cz\/eshop\/wp-json\/wp\/v2\/media\/20866"}],"wp:attachment":[{"href":"https:\/\/eterle.cz\/eshop\/wp-json\/wp\/v2\/media?parent=21349"}],"wp:term":[{"taxonomy":"product_brand","embeddable":true,"href":"https:\/\/eterle.cz\/eshop\/wp-json\/wp\/v2\/product_brand?post=21349"},{"taxonomy":"product_cat","embeddable":true,"href":"https:\/\/eterle.cz\/eshop\/wp-json\/wp\/v2\/product_cat?post=21349"},{"taxonomy":"product_tag","embeddable":true,"href":"https:\/\/eterle.cz\/eshop\/wp-json\/wp\/v2\/product_tag?post=21349"}],"curies":[{"name":"wp","href":"https:\/\/api.w.org\/{rel}","templated":true}]}}