{"id":21350,"date":"2024-10-14T14:02:58","date_gmt":"2024-10-14T12:02:58","guid":{"rendered":"https:\/\/eterle.cz\/eshop\/produkt\/satni-skrin-pozar\/"},"modified":"2025-02-24T15:45:49","modified_gmt":"2025-02-24T14:45:49","slug":"satni-skrin-pozar","status":"publish","type":"product","link":"https:\/\/eterle.cz\/eshop\/produkt\/satni-skrin-pozar\/","title":{"rendered":"\u0160atn\u00ed sk\u0159\u00ed\u0148 \/ Po\u017e\u00e1r"},"content":{"rendered":"<p>\u0160atn\u00ed sk\u0159\u00ed\u0148 od n\u00e1vrh\u00e1\u0159e Mojm\u00edra Po\u017e\u00e1raje pro UP Bu\u010dovice s ty\u010d\u00ed na zav\u011b\u0161en\u00ed ko\u0161il \u010di krat\u0161\u00edch kab\u00e1t\u016f a s jednou polic\u00ed. Sk\u0159\u00ed\u0148 m\u00e1 krasnou kresbu d\u0159eva ve tvaru.<\/p>\n<p>Stav: dobr\u00fd p\u016fvodn\u00ed zachoval\u00fd stav<br \/>\nZna\u010dka: Mojm\u00edr Po\u017e\u00e1r<br \/>\nRozm\u011br<br \/>\nV\u00fd\u0161ka: 161 cm<br \/>\n\u0160\u00ed\u0159ka: 120 cm<br \/>\nHloubka: 60 cm<\/p>\n","protected":false},"excerpt":{"rendered":"<p>\u0160atn\u00ed sk\u0159\u00ed\u0148 od n\u00e1vrh\u00e1\u0159e Mojm\u00edra Po\u017e\u00e1raje pro UP Bu\u010dovice s ty\u010d\u00ed na zav\u011b\u0161en\u00ed ko\u0161il \u010di krat\u0161\u00edch kab\u00e1t\u016f a s jednou<\/p>\n","protected":false},"featured_media":20868,"template":"","meta":[],"product_brand":[153],"product_cat":[91],"product_tag":[],"class_list":{"0":"post-21350","1":"product","2":"type-product","3":"status-publish","4":"has-post-thumbnail","6":"product_brand-eterle-cz","7":"product_cat-prodane","8":"product_shipping_class-nadrozmerne","10":"first","11":"outofstock","12":"purchasable","13":"product-type-simple"},"_links":{"self":[{"href":"https:\/\/eterle.cz\/eshop\/wp-json\/wp\/v2\/product\/21350","targetHints":{"allow":["GET"]}}],"collection":[{"href":"https:\/\/eterle.cz\/eshop\/wp-json\/wp\/v2\/product"}],"about":[{"href":"https:\/\/eterle.cz\/eshop\/wp-json\/wp\/v2\/types\/product"}],"version-history":[{"count":0,"href":"https:\/\/eterle.cz\/eshop\/wp-json\/wp\/v2\/product\/21350\/revisions"}],"wp:featuredmedia":[{"embeddable":true,"href":"https:\/\/eterle.cz\/eshop\/wp-json\/wp\/v2\/media\/20868"}],"wp:attachment":[{"href":"https:\/\/eterle.cz\/eshop\/wp-json\/wp\/v2\/media?parent=21350"}],"wp:term":[{"taxonomy":"product_brand","embeddable":true,"href":"https:\/\/eterle.cz\/eshop\/wp-json\/wp\/v2\/product_brand?post=21350"},{"taxonomy":"product_cat","embeddable":true,"href":"https:\/\/eterle.cz\/eshop\/wp-json\/wp\/v2\/product_cat?post=21350"},{"taxonomy":"product_tag","embeddable":true,"href":"https:\/\/eterle.cz\/eshop\/wp-json\/wp\/v2\/product_tag?post=21350"}],"curies":[{"name":"wp","href":"https:\/\/api.w.org\/{rel}","templated":true}]}}