{"id":21351,"date":"2024-10-14T14:03:03","date_gmt":"2024-10-14T12:03:03","guid":{"rendered":"https:\/\/eterle.cz\/eshop\/produkt\/lekarenska-skrin-2\/"},"modified":"2025-02-16T02:45:17","modified_gmt":"2025-02-16T01:45:17","slug":"lekarenska-skrin-2","status":"publish","type":"product","link":"https:\/\/eterle.cz\/eshop\/produkt\/lekarenska-skrin-2\/","title":{"rendered":"L\u00e9k\u00e1rensk\u00e1 sk\u0159\u00ed\u0148"},"content":{"rendered":"<p>L\u00e9k\u00e1rensk\u00e1 sk\u0159\u00ed\u0148 m\u00e1 v\u0161e, co pot\u0159ebujete. Prosklenou \u010d\u00e1st na v\u011bci, kter\u00e9 chcete vystavit, ale nechcete, aby se na n\u011b pr\u00e1\u0161ilo a spodn\u00ed uzav\u0159enou \u010d\u00e1st na &#8222;nepo\u0159\u00e1dek&#8220;.<\/p>\n<p>Stav: p\u016fvodn\u00ed s patinou, m\u00edsty od\u0159en\u00e9 s lehkou koroz\u00ed<br \/>\nRozm\u011br<br \/>\nV\u00fd\u0161ka: 173.5 cm<br \/>\n\u0160\u00ed\u0159ka: 89 cm<br \/>\nHloubka: 38.5 cm<\/p>\n","protected":false},"excerpt":{"rendered":"<p>L\u00e9k\u00e1rensk\u00e1 sk\u0159\u00ed\u0148 m\u00e1 v\u0161e, co pot\u0159ebujete. Prosklenou \u010d\u00e1st na v\u011bci, kter\u00e9 chcete vystavit, ale nechcete, aby se na n\u011b pr\u00e1\u0161ilo<\/p>\n","protected":false},"featured_media":20870,"template":"","meta":[],"product_brand":[153],"product_cat":[91],"product_tag":[],"class_list":{"0":"post-21351","1":"product","2":"type-product","3":"status-publish","4":"has-post-thumbnail","6":"product_brand-eterle-cz","7":"product_cat-prodane","8":"product_shipping_class-nadrozmerne","10":"first","11":"outofstock","12":"purchasable","13":"product-type-simple"},"_links":{"self":[{"href":"https:\/\/eterle.cz\/eshop\/wp-json\/wp\/v2\/product\/21351","targetHints":{"allow":["GET"]}}],"collection":[{"href":"https:\/\/eterle.cz\/eshop\/wp-json\/wp\/v2\/product"}],"about":[{"href":"https:\/\/eterle.cz\/eshop\/wp-json\/wp\/v2\/types\/product"}],"version-history":[{"count":0,"href":"https:\/\/eterle.cz\/eshop\/wp-json\/wp\/v2\/product\/21351\/revisions"}],"wp:featuredmedia":[{"embeddable":true,"href":"https:\/\/eterle.cz\/eshop\/wp-json\/wp\/v2\/media\/20870"}],"wp:attachment":[{"href":"https:\/\/eterle.cz\/eshop\/wp-json\/wp\/v2\/media?parent=21351"}],"wp:term":[{"taxonomy":"product_brand","embeddable":true,"href":"https:\/\/eterle.cz\/eshop\/wp-json\/wp\/v2\/product_brand?post=21351"},{"taxonomy":"product_cat","embeddable":true,"href":"https:\/\/eterle.cz\/eshop\/wp-json\/wp\/v2\/product_cat?post=21351"},{"taxonomy":"product_tag","embeddable":true,"href":"https:\/\/eterle.cz\/eshop\/wp-json\/wp\/v2\/product_tag?post=21351"}],"curies":[{"name":"wp","href":"https:\/\/api.w.org\/{rel}","templated":true}]}}