{"id":21352,"date":"2024-10-14T14:03:07","date_gmt":"2024-10-14T12:03:07","guid":{"rendered":"https:\/\/eterle.cz\/eshop\/produkt\/toaletni-skrinka-halabala-2\/"},"modified":"2025-11-20T22:00:12","modified_gmt":"2025-11-20T21:00:12","slug":"toaletni-skrinka-halabala-2","status":"publish","type":"product","link":"https:\/\/eterle.cz\/eshop\/produkt\/toaletni-skrinka-halabala-2\/","title":{"rendered":"Toaletn\u00ed sk\u0159\u00ed\u0148ka \/ Halabala"},"content":{"rendered":"<p>Toaletn\u00ed sk\u0159\u00ed\u0148ka z obdob\u00ed Art Deca dle n\u00e1vrhu Jin\u0159icha Halabaly pro UP z\u00e1vody.<\/p>\n<p>Stav: zachoval\u00fd p\u016fvodn\u00ed, opaxitov\u00e9 sklo lehce \u0161t\u00edpl\u00e9<br \/>\nZna\u010dka: Jind\u0159ich Halabala<br \/>\nRozm\u011br<br \/>\nV\u00fd\u0161ka: 165 cm<br \/>\n\u0160\u00ed\u0159ka: 110 cm<br \/>\nHloubka: 45 cm<\/p>\n","protected":false},"excerpt":{"rendered":"<p>Toaletn\u00ed sk\u0159\u00ed\u0148ka z obdob\u00ed Art Deca dle n\u00e1vrhu Jin\u0159icha Halabaly pro UP z\u00e1vody. Stav: zachoval\u00fd p\u016fvodn\u00ed, opaxitov\u00e9 sklo lehce \u0161t\u00edpl\u00e9<\/p>\n","protected":false},"featured_media":20872,"template":"","meta":[],"product_brand":[153],"product_cat":[130,125],"product_tag":[],"class_list":{"0":"post-21352","1":"product","2":"type-product","3":"status-publish","4":"has-post-thumbnail","6":"product_brand-eterle-cz","7":"product_cat-nabytek","8":"product_cat-komody-a-skrine","9":"product_shipping_class-nadrozmerne","11":"first","12":"instock","13":"purchasable","14":"product-type-simple"},"_links":{"self":[{"href":"https:\/\/eterle.cz\/eshop\/wp-json\/wp\/v2\/product\/21352","targetHints":{"allow":["GET"]}}],"collection":[{"href":"https:\/\/eterle.cz\/eshop\/wp-json\/wp\/v2\/product"}],"about":[{"href":"https:\/\/eterle.cz\/eshop\/wp-json\/wp\/v2\/types\/product"}],"version-history":[{"count":1,"href":"https:\/\/eterle.cz\/eshop\/wp-json\/wp\/v2\/product\/21352\/revisions"}],"predecessor-version":[{"id":26470,"href":"https:\/\/eterle.cz\/eshop\/wp-json\/wp\/v2\/product\/21352\/revisions\/26470"}],"wp:featuredmedia":[{"embeddable":true,"href":"https:\/\/eterle.cz\/eshop\/wp-json\/wp\/v2\/media\/20872"}],"wp:attachment":[{"href":"https:\/\/eterle.cz\/eshop\/wp-json\/wp\/v2\/media?parent=21352"}],"wp:term":[{"taxonomy":"product_brand","embeddable":true,"href":"https:\/\/eterle.cz\/eshop\/wp-json\/wp\/v2\/product_brand?post=21352"},{"taxonomy":"product_cat","embeddable":true,"href":"https:\/\/eterle.cz\/eshop\/wp-json\/wp\/v2\/product_cat?post=21352"},{"taxonomy":"product_tag","embeddable":true,"href":"https:\/\/eterle.cz\/eshop\/wp-json\/wp\/v2\/product_tag?post=21352"}],"curies":[{"name":"wp","href":"https:\/\/api.w.org\/{rel}","templated":true}]}}