{"id":21353,"date":"2024-10-14T14:03:17","date_gmt":"2024-10-14T12:03:17","guid":{"rendered":"https:\/\/eterle.cz\/eshop\/produkt\/komoda-4\/"},"modified":"2025-02-16T02:45:17","modified_gmt":"2025-02-16T01:45:17","slug":"komoda-4","status":"publish","type":"product","link":"https:\/\/eterle.cz\/eshop\/produkt\/komoda-4\/","title":{"rendered":"Komoda"},"content":{"rendered":"<p>Komoda z 60. let minul\u00e9ho stolet\u00ed s variabiln\u00edmi policemi, kter\u00e9 lze na st\u011bn\u011b p\u0159emis\u0165ovat dle pot\u0159eby. Vhodn\u00e1 t\u0159eba do hostinsk\u00e9ho pokoje. Do lev\u00e9 \u010d\u00e1sti pohodln\u011b ulo\u017e\u00edte pe\u0159iny a prav\u00e1 \u010d\u00e1st m\u016f\u017ee z\u016fstat host\u016fm na oble\u010den\u00ed a drobnosti. Na police m\u016f\u017eete host\u016fm d\u00e1t kn\u00ed\u017eky, a\u0165 maj\u00ed co \u010d\u00edst p\u0159ed span\u00edm.<\/p>\n<p>Stav: p\u016fvodn\u00ed zachoval\u00fd, ve st\u011bn\u011b s poli\u010dkami na jednom m\u00edst\u011b od\u0159en\u00e1 barva<br \/>\nRozm\u011br<br \/>\nV\u00fd\u0161ka: 162.5 cm<br \/>\n\u0160\u00ed\u0159ka: 140.5 cm<br \/>\nHloubka: 49 cm<\/p>\n","protected":false},"excerpt":{"rendered":"<p>Komoda z 60. let minul\u00e9ho stolet\u00ed s variabiln\u00edmi policemi, kter\u00e9 lze na st\u011bn\u011b p\u0159emis\u0165ovat dle pot\u0159eby. Vhodn\u00e1 t\u0159eba do hostinsk\u00e9ho<\/p>\n","protected":false},"featured_media":20874,"template":"","meta":[],"product_brand":[153],"product_cat":[91],"product_tag":[],"class_list":{"0":"post-21353","1":"product","2":"type-product","3":"status-publish","4":"has-post-thumbnail","6":"product_brand-eterle-cz","7":"product_cat-prodane","8":"product_shipping_class-nadrozmerne","10":"first","11":"outofstock","12":"purchasable","13":"product-type-simple"},"_links":{"self":[{"href":"https:\/\/eterle.cz\/eshop\/wp-json\/wp\/v2\/product\/21353","targetHints":{"allow":["GET"]}}],"collection":[{"href":"https:\/\/eterle.cz\/eshop\/wp-json\/wp\/v2\/product"}],"about":[{"href":"https:\/\/eterle.cz\/eshop\/wp-json\/wp\/v2\/types\/product"}],"version-history":[{"count":0,"href":"https:\/\/eterle.cz\/eshop\/wp-json\/wp\/v2\/product\/21353\/revisions"}],"wp:featuredmedia":[{"embeddable":true,"href":"https:\/\/eterle.cz\/eshop\/wp-json\/wp\/v2\/media\/20874"}],"wp:attachment":[{"href":"https:\/\/eterle.cz\/eshop\/wp-json\/wp\/v2\/media?parent=21353"}],"wp:term":[{"taxonomy":"product_brand","embeddable":true,"href":"https:\/\/eterle.cz\/eshop\/wp-json\/wp\/v2\/product_brand?post=21353"},{"taxonomy":"product_cat","embeddable":true,"href":"https:\/\/eterle.cz\/eshop\/wp-json\/wp\/v2\/product_cat?post=21353"},{"taxonomy":"product_tag","embeddable":true,"href":"https:\/\/eterle.cz\/eshop\/wp-json\/wp\/v2\/product_tag?post=21353"}],"curies":[{"name":"wp","href":"https:\/\/api.w.org\/{rel}","templated":true}]}}