{"id":21356,"date":"2024-10-14T14:03:33","date_gmt":"2024-10-14T12:03:33","guid":{"rendered":"https:\/\/eterle.cz\/eshop\/produkt\/konferencni-stul-interier-praha\/"},"modified":"2025-06-24T01:55:29","modified_gmt":"2025-06-23T23:55:29","slug":"konferencni-stul-interier-praha","status":"publish","type":"product","link":"https:\/\/eterle.cz\/eshop\/produkt\/konferencni-stul-interier-praha\/","title":{"rendered":"Konferen\u010dn\u00ed st\u016fl \/ Interi\u00e9r Praha"},"content":{"rendered":"<p>Retro konferen\u010dn\u00ed stolek z 60. let minul\u00e9ho stolet\u00ed s oboustrannou umakartovou deskou. Pot\u0159ebujete-li do interi\u00e9ru dostat v\u00edce barev, m\u016f\u017eete zvolit pastelovou \u017elutou stranu, pro decentn\u011bj\u0161\u00ed lad\u011bn\u00ed naopak \u0161edou verzi.<\/p>\n<p>Stav: p\u016fvodn\u00ed zachoval\u00fd<br \/>\nZna\u010dka: Interi\u00e9r Praha<br \/>\nRozm\u011br<br \/>\nV\u00fd\u0161ka: 59 cm<br \/>\nD\u00e9lka: 112 cm<br \/>\nHloubka: 50 cm<\/p>\n","protected":false},"excerpt":{"rendered":"<p>Retro konferen\u010dn\u00ed stolek z 60. let minul\u00e9ho stolet\u00ed s oboustrannou umakartovou deskou. Pot\u0159ebujete-li do interi\u00e9ru dostat v\u00edce barev, m\u016f\u017eete zvolit<\/p>\n","protected":false},"featured_media":20880,"template":"","meta":[],"product_brand":[153],"product_cat":[130,124],"product_tag":[],"class_list":{"0":"post-21356","1":"product","2":"type-product","3":"status-publish","4":"has-post-thumbnail","6":"product_brand-eterle-cz","7":"product_cat-nabytek","8":"product_cat-stoly","9":"product_shipping_class-nadrozmerne","11":"first","12":"instock","13":"purchasable","14":"product-type-simple"},"_links":{"self":[{"href":"https:\/\/eterle.cz\/eshop\/wp-json\/wp\/v2\/product\/21356","targetHints":{"allow":["GET"]}}],"collection":[{"href":"https:\/\/eterle.cz\/eshop\/wp-json\/wp\/v2\/product"}],"about":[{"href":"https:\/\/eterle.cz\/eshop\/wp-json\/wp\/v2\/types\/product"}],"version-history":[{"count":1,"href":"https:\/\/eterle.cz\/eshop\/wp-json\/wp\/v2\/product\/21356\/revisions"}],"predecessor-version":[{"id":26467,"href":"https:\/\/eterle.cz\/eshop\/wp-json\/wp\/v2\/product\/21356\/revisions\/26467"}],"wp:featuredmedia":[{"embeddable":true,"href":"https:\/\/eterle.cz\/eshop\/wp-json\/wp\/v2\/media\/20880"}],"wp:attachment":[{"href":"https:\/\/eterle.cz\/eshop\/wp-json\/wp\/v2\/media?parent=21356"}],"wp:term":[{"taxonomy":"product_brand","embeddable":true,"href":"https:\/\/eterle.cz\/eshop\/wp-json\/wp\/v2\/product_brand?post=21356"},{"taxonomy":"product_cat","embeddable":true,"href":"https:\/\/eterle.cz\/eshop\/wp-json\/wp\/v2\/product_cat?post=21356"},{"taxonomy":"product_tag","embeddable":true,"href":"https:\/\/eterle.cz\/eshop\/wp-json\/wp\/v2\/product_tag?post=21356"}],"curies":[{"name":"wp","href":"https:\/\/api.w.org\/{rel}","templated":true}]}}