{"id":21357,"date":"2024-10-14T14:03:38","date_gmt":"2024-10-14T12:03:38","guid":{"rendered":"https:\/\/eterle.cz\/eshop\/produkt\/jidelni-stul-halabala\/"},"modified":"2025-02-16T02:45:15","modified_gmt":"2025-02-16T01:45:15","slug":"jidelni-stul-halabala","status":"publish","type":"product","link":"https:\/\/eterle.cz\/eshop\/produkt\/jidelni-stul-halabala\/","title":{"rendered":"J\u00eddeln\u00ed st\u016fl \/ Halabala"},"content":{"rendered":"<p>Rozkl\u00e1dac\u00ed j\u00eddeln\u00ed st\u016fl od Jind\u0159icha Halabaly vhodn\u00fd pro 4 a\u017e 6 osob.<\/p>\n<p>Stav: dobr\u00fd p\u016fvodn\u00ed, jen lehce od\u0159en\u00fd jeden roh<br \/>\nRozm\u011br<br \/>\nV\u00fd\u0161ka: 76 cm<br \/>\nD\u00e9lka slo\u017een\u00fd: 120 cm<br \/>\nD\u00e9lka rozlo\u017een\u00fd: 190.5 cm<br \/>\nHloubka: 85 cm<\/p>\n","protected":false},"excerpt":{"rendered":"<p>Rozkl\u00e1dac\u00ed j\u00eddeln\u00ed st\u016fl od Jind\u0159icha Halabaly vhodn\u00fd pro 4 a\u017e 6 osob. Stav: dobr\u00fd p\u016fvodn\u00ed, jen lehce od\u0159en\u00fd jeden roh<\/p>\n","protected":false},"featured_media":20882,"template":"","meta":[],"product_brand":[153],"product_cat":[91],"product_tag":[],"class_list":{"0":"post-21357","1":"product","2":"type-product","3":"status-publish","4":"has-post-thumbnail","6":"product_brand-eterle-cz","7":"product_cat-prodane","8":"product_shipping_class-nadrozmerne","10":"first","11":"outofstock","12":"purchasable","13":"product-type-simple"},"_links":{"self":[{"href":"https:\/\/eterle.cz\/eshop\/wp-json\/wp\/v2\/product\/21357","targetHints":{"allow":["GET"]}}],"collection":[{"href":"https:\/\/eterle.cz\/eshop\/wp-json\/wp\/v2\/product"}],"about":[{"href":"https:\/\/eterle.cz\/eshop\/wp-json\/wp\/v2\/types\/product"}],"version-history":[{"count":0,"href":"https:\/\/eterle.cz\/eshop\/wp-json\/wp\/v2\/product\/21357\/revisions"}],"wp:featuredmedia":[{"embeddable":true,"href":"https:\/\/eterle.cz\/eshop\/wp-json\/wp\/v2\/media\/20882"}],"wp:attachment":[{"href":"https:\/\/eterle.cz\/eshop\/wp-json\/wp\/v2\/media?parent=21357"}],"wp:term":[{"taxonomy":"product_brand","embeddable":true,"href":"https:\/\/eterle.cz\/eshop\/wp-json\/wp\/v2\/product_brand?post=21357"},{"taxonomy":"product_cat","embeddable":true,"href":"https:\/\/eterle.cz\/eshop\/wp-json\/wp\/v2\/product_cat?post=21357"},{"taxonomy":"product_tag","embeddable":true,"href":"https:\/\/eterle.cz\/eshop\/wp-json\/wp\/v2\/product_tag?post=21357"}],"curies":[{"name":"wp","href":"https:\/\/api.w.org\/{rel}","templated":true}]}}