{"id":21358,"date":"2024-10-14T14:03:42","date_gmt":"2024-10-14T12:03:42","guid":{"rendered":"https:\/\/eterle.cz\/eshop\/produkt\/jidelni-stul-halabala-2\/"},"modified":"2025-02-25T21:05:34","modified_gmt":"2025-02-25T20:05:34","slug":"jidelni-stul-halabala-2","status":"publish","type":"product","link":"https:\/\/eterle.cz\/eshop\/produkt\/jidelni-stul-halabala-2\/","title":{"rendered":"J\u00eddeln\u00ed st\u016fl \/ Halabala"},"content":{"rendered":"<p>Rozkl\u00e1dac\u00ed j\u00eddelni st\u016fl od Jind\u0159icha Halabaly vhodn\u00fd pro 4 a\u017e 6 osob s kr\u00e1snou kresbou d\u0159eva.<\/p>\n<p>Stav: dobr\u00fd p\u016fvodn\u00ed<br \/>\nRozm\u011br<br \/>\nV\u00fd\u0161ka: 76 cm<br \/>\nD\u00e9lka slo\u017een\u00fd: 120 cm<br \/>\nD\u00e9lka rozlo\u017een\u00fd: 190.5 cm<br \/>\nHloubka: 85 cm<\/p>\n","protected":false},"excerpt":{"rendered":"<p>Rozkl\u00e1dac\u00ed j\u00eddelni st\u016fl od Jind\u0159icha Halabaly vhodn\u00fd pro 4 a\u017e 6 osob s kr\u00e1snou kresbou d\u0159eva. Stav: dobr\u00fd p\u016fvodn\u00ed Rozm\u011br<\/p>\n","protected":false},"featured_media":20884,"template":"","meta":[],"product_brand":[153],"product_cat":[91],"product_tag":[],"class_list":{"0":"post-21358","1":"product","2":"type-product","3":"status-publish","4":"has-post-thumbnail","6":"product_brand-eterle-cz","7":"product_cat-prodane","8":"product_shipping_class-nadrozmerne","10":"first","11":"outofstock","12":"purchasable","13":"product-type-simple"},"_links":{"self":[{"href":"https:\/\/eterle.cz\/eshop\/wp-json\/wp\/v2\/product\/21358","targetHints":{"allow":["GET"]}}],"collection":[{"href":"https:\/\/eterle.cz\/eshop\/wp-json\/wp\/v2\/product"}],"about":[{"href":"https:\/\/eterle.cz\/eshop\/wp-json\/wp\/v2\/types\/product"}],"version-history":[{"count":0,"href":"https:\/\/eterle.cz\/eshop\/wp-json\/wp\/v2\/product\/21358\/revisions"}],"wp:featuredmedia":[{"embeddable":true,"href":"https:\/\/eterle.cz\/eshop\/wp-json\/wp\/v2\/media\/20884"}],"wp:attachment":[{"href":"https:\/\/eterle.cz\/eshop\/wp-json\/wp\/v2\/media?parent=21358"}],"wp:term":[{"taxonomy":"product_brand","embeddable":true,"href":"https:\/\/eterle.cz\/eshop\/wp-json\/wp\/v2\/product_brand?post=21358"},{"taxonomy":"product_cat","embeddable":true,"href":"https:\/\/eterle.cz\/eshop\/wp-json\/wp\/v2\/product_cat?post=21358"},{"taxonomy":"product_tag","embeddable":true,"href":"https:\/\/eterle.cz\/eshop\/wp-json\/wp\/v2\/product_tag?post=21358"}],"curies":[{"name":"wp","href":"https:\/\/api.w.org\/{rel}","templated":true}]}}