{"id":21360,"date":"2024-10-14T14:03:50","date_gmt":"2024-10-14T12:03:50","guid":{"rendered":"https:\/\/eterle.cz\/eshop\/produkt\/kreslo-typu-usak-navratil\/"},"modified":"2025-06-24T01:55:29","modified_gmt":"2025-06-23T23:55:29","slug":"kreslo-typu-usak-navratil","status":"publish","type":"product","link":"https:\/\/eterle.cz\/eshop\/produkt\/kreslo-typu-usak-navratil\/","title":{"rendered":"K\u0159eslo typu U\u0161\u00e1k \/ Navr\u00e1til"},"content":{"rendered":"<p>Vz\u00e1cn\u00e9 retro k\u0159eslo TON od n\u00e1vrh\u00e1\u0159e Miroslava Navr\u00e1tila. Bylo vyr\u00e1b\u011bno v 60. letech minul\u00e9ho stolet\u00ed v omezen\u00e9m mno\u017estv\u00ed. K\u0159eslo tvo\u0159\u00ed o\u010daloun\u011bn\u00fd lamin\u00e1tov\u00fd skelet dopln\u011bn\u00fd o kovov\u00e9 podno\u017e\u00ed.<\/p>\n<p>Stav: p\u016fvodn\u00ed zachoval\u00fd, \u010daloun\u011bn\u00ed nepotrhan\u00e9, ale vy\u0161isovan\u00e9<br \/>\nZna\u010dka: Miroslav Navr\u00e1til<br \/>\nRozm\u011br<br \/>\nV\u00fd\u0161ka: 105 cm<br \/>\n\u0160\u00ed\u0159ka: 74 cm<br \/>\nV\u00fd\u0161ka sedu: 35 cm<br \/>\nHloubka: 74 cm<\/p>\n","protected":false},"excerpt":{"rendered":"<p>Vz\u00e1cn\u00e9 retro k\u0159eslo TON od n\u00e1vrh\u00e1\u0159e Miroslava Navr\u00e1tila. Bylo vyr\u00e1b\u011bno v 60. letech minul\u00e9ho stolet\u00ed v omezen\u00e9m mno\u017estv\u00ed. K\u0159eslo tvo\u0159\u00ed<\/p>\n","protected":false},"featured_media":20888,"template":"","meta":[],"product_brand":[153],"product_cat":[130,122],"product_tag":[],"class_list":{"0":"post-21360","1":"product","2":"type-product","3":"status-publish","4":"has-post-thumbnail","6":"product_brand-eterle-cz","7":"product_cat-nabytek","8":"product_cat-kresla-a-taburety","9":"product_shipping_class-nadrozmerne","11":"first","12":"instock","13":"purchasable","14":"product-type-simple"},"_links":{"self":[{"href":"https:\/\/eterle.cz\/eshop\/wp-json\/wp\/v2\/product\/21360","targetHints":{"allow":["GET"]}}],"collection":[{"href":"https:\/\/eterle.cz\/eshop\/wp-json\/wp\/v2\/product"}],"about":[{"href":"https:\/\/eterle.cz\/eshop\/wp-json\/wp\/v2\/types\/product"}],"version-history":[{"count":1,"href":"https:\/\/eterle.cz\/eshop\/wp-json\/wp\/v2\/product\/21360\/revisions"}],"predecessor-version":[{"id":26465,"href":"https:\/\/eterle.cz\/eshop\/wp-json\/wp\/v2\/product\/21360\/revisions\/26465"}],"wp:featuredmedia":[{"embeddable":true,"href":"https:\/\/eterle.cz\/eshop\/wp-json\/wp\/v2\/media\/20888"}],"wp:attachment":[{"href":"https:\/\/eterle.cz\/eshop\/wp-json\/wp\/v2\/media?parent=21360"}],"wp:term":[{"taxonomy":"product_brand","embeddable":true,"href":"https:\/\/eterle.cz\/eshop\/wp-json\/wp\/v2\/product_brand?post=21360"},{"taxonomy":"product_cat","embeddable":true,"href":"https:\/\/eterle.cz\/eshop\/wp-json\/wp\/v2\/product_cat?post=21360"},{"taxonomy":"product_tag","embeddable":true,"href":"https:\/\/eterle.cz\/eshop\/wp-json\/wp\/v2\/product_tag?post=21360"}],"curies":[{"name":"wp","href":"https:\/\/api.w.org\/{rel}","templated":true}]}}