{"id":21362,"date":"2024-10-14T14:03:58","date_gmt":"2024-10-14T12:03:58","guid":{"rendered":"https:\/\/eterle.cz\/eshop\/produkt\/kreslo-vanek\/"},"modified":"2025-06-24T01:55:29","modified_gmt":"2025-06-23T23:55:29","slug":"kreslo-vanek","status":"publish","type":"product","link":"https:\/\/eterle.cz\/eshop\/produkt\/kreslo-vanek\/","title":{"rendered":"K\u0159eslo \/ Van\u011bk"},"content":{"rendered":"<p>D\u0159ev\u011bn\u00e9 k\u0159eslo od n\u00e1vrh\u00e1\u0159e Jana Va\u0148ka, kter\u00e9 navrhl na sklonku sv\u00e9 kari\u00e9ry, kolem obdob\u00ed Expa 1958 a \u0159ad\u00ed se do Bruselsk\u00e9ho stylu. K\u0159eslo m\u00e1 masivn\u00ed dubovou konstrukci ponechanou ve sv\u011btl\u00e9m odst\u00ednu d\u0159eva a jutov\u00e9 popruhy. D\u00edky sv\u00fdm \u010dist\u00fdm lini\u00edm p\u016fsob\u00ed velmi nad\u010dasov\u011b.<br \/>\nJan Van\u011bk byl \u010desk\u00fd n\u00e1vrh\u00e1\u0159 a v\u00fdrobce n\u00e1bytku, architekt a spoluzakladatel Spojen\u00fdch um\u011bleckopr\u016fmyslov\u00fdch z\u00e1vod\u016f. Pracoval s v\u00fdznamn\u00fdmi architekty jako jsou nap\u0159\u00edklad Jan Kot\u011bra nebo Josef Go\u010d\u00e1r, mimo jin\u00e9 se pod\u00edlel na vybaven\u00ed vily Tugendhat.<\/p>\n<p>Stav: velmi dobr\u00fd p\u016fvodn\u00ed<br \/>\nZna\u010dka: Jan Van\u011bk<br \/>\nRozm\u011br<br \/>\nV\u00fd\u0161ka: 187 cm<br \/>\n\u0160\u00ed\u0159ka: 58 cm<br \/>\nV\u00fd\u0161ka sed\u00e1ku: 35 cm<br \/>\nHloubka: 83 cm<\/p>\n","protected":false},"excerpt":{"rendered":"<p>D\u0159ev\u011bn\u00e9 k\u0159eslo od n\u00e1vrh\u00e1\u0159e Jana Va\u0148ka, kter\u00e9 navrhl na sklonku sv\u00e9 kari\u00e9ry, kolem obdob\u00ed Expa 1958 a \u0159ad\u00ed se do<\/p>\n","protected":false},"featured_media":20892,"template":"","meta":[],"product_brand":[153],"product_cat":[130,122],"product_tag":[],"class_list":{"0":"post-21362","1":"product","2":"type-product","3":"status-publish","4":"has-post-thumbnail","6":"product_brand-eterle-cz","7":"product_cat-nabytek","8":"product_cat-kresla-a-taburety","9":"product_shipping_class-nadrozmerne","11":"first","12":"instock","13":"purchasable","14":"product-type-simple"},"_links":{"self":[{"href":"https:\/\/eterle.cz\/eshop\/wp-json\/wp\/v2\/product\/21362","targetHints":{"allow":["GET"]}}],"collection":[{"href":"https:\/\/eterle.cz\/eshop\/wp-json\/wp\/v2\/product"}],"about":[{"href":"https:\/\/eterle.cz\/eshop\/wp-json\/wp\/v2\/types\/product"}],"version-history":[{"count":1,"href":"https:\/\/eterle.cz\/eshop\/wp-json\/wp\/v2\/product\/21362\/revisions"}],"predecessor-version":[{"id":26463,"href":"https:\/\/eterle.cz\/eshop\/wp-json\/wp\/v2\/product\/21362\/revisions\/26463"}],"wp:featuredmedia":[{"embeddable":true,"href":"https:\/\/eterle.cz\/eshop\/wp-json\/wp\/v2\/media\/20892"}],"wp:attachment":[{"href":"https:\/\/eterle.cz\/eshop\/wp-json\/wp\/v2\/media?parent=21362"}],"wp:term":[{"taxonomy":"product_brand","embeddable":true,"href":"https:\/\/eterle.cz\/eshop\/wp-json\/wp\/v2\/product_brand?post=21362"},{"taxonomy":"product_cat","embeddable":true,"href":"https:\/\/eterle.cz\/eshop\/wp-json\/wp\/v2\/product_cat?post=21362"},{"taxonomy":"product_tag","embeddable":true,"href":"https:\/\/eterle.cz\/eshop\/wp-json\/wp\/v2\/product_tag?post=21362"}],"curies":[{"name":"wp","href":"https:\/\/api.w.org\/{rel}","templated":true}]}}