{"id":21364,"date":"2024-10-14T14:04:08","date_gmt":"2024-10-14T12:04:08","guid":{"rendered":"https:\/\/eterle.cz\/eshop\/produkt\/kreslo-wilhelm-ritz\/"},"modified":"2025-06-24T01:55:28","modified_gmt":"2025-06-23T23:55:28","slug":"kreslo-wilhelm-ritz","status":"publish","type":"product","link":"https:\/\/eterle.cz\/eshop\/produkt\/kreslo-wilhelm-ritz\/","title":{"rendered":"K\u0159eslo \/ Wilhelm Ritz"},"content":{"rendered":"<p>\u017didle model 402 z 60. let minul\u00e9ho stolet\u00ed od n\u011bmeck\u00e9ho n\u00e1vrh\u00e1\u0159e Wilhelma Ritze pro spole\u010dnost Wilkhahn.<\/p>\n<p>Ritze napsal v roce 1959 diplomovou pr\u00e1ci na t\u00e9ma nov\u00e9ho druhu vrstven\u00e9ho d\u0159eva. Pro \u00fa\u010dely praktick\u00e9 aplikace navrhl vysoce flexibiln\u00ed, lehkou \u017eidli z laminovan\u00e9ho d\u0159eva. T\u00edm se zrodila \u0159ada 400, kterou Wilkhahn vyr\u00e1b\u00ed t\u00e9m\u011b\u0159 40 let. \u0158ada z\u00edskala mnoho mezin\u00e1rodn\u00edch ocen\u011bn\u00ed za design.<\/p>\n<p>Stav: p\u016fvodn\u00ed velmi dobr\u00fd<br \/>\nZna\u010dka: Wilhelm Ritz<br \/>\nRozm\u011br<br \/>\nV\u00fd\u0161ka: 76 cm<br \/>\n\u0160\u00ed\u0159ka: 50 cm<br \/>\nV\u00fd\u0161ka sedu: 41 cm<br \/>\nHloubka: 56 cm<\/p>\n","protected":false},"excerpt":{"rendered":"<p>\u017didle model 402 z 60. let minul\u00e9ho stolet\u00ed od n\u011bmeck\u00e9ho n\u00e1vrh\u00e1\u0159e Wilhelma Ritze pro spole\u010dnost Wilkhahn. Ritze napsal v roce<\/p>\n","protected":false},"featured_media":20896,"template":"","meta":[],"product_brand":[153],"product_cat":[130,122],"product_tag":[],"class_list":{"0":"post-21364","1":"product","2":"type-product","3":"status-publish","4":"has-post-thumbnail","6":"product_brand-eterle-cz","7":"product_cat-nabytek","8":"product_cat-kresla-a-taburety","9":"product_shipping_class-nadrozmerne","11":"first","12":"instock","13":"purchasable","14":"product-type-simple"},"_links":{"self":[{"href":"https:\/\/eterle.cz\/eshop\/wp-json\/wp\/v2\/product\/21364","targetHints":{"allow":["GET"]}}],"collection":[{"href":"https:\/\/eterle.cz\/eshop\/wp-json\/wp\/v2\/product"}],"about":[{"href":"https:\/\/eterle.cz\/eshop\/wp-json\/wp\/v2\/types\/product"}],"version-history":[{"count":1,"href":"https:\/\/eterle.cz\/eshop\/wp-json\/wp\/v2\/product\/21364\/revisions"}],"predecessor-version":[{"id":26461,"href":"https:\/\/eterle.cz\/eshop\/wp-json\/wp\/v2\/product\/21364\/revisions\/26461"}],"wp:featuredmedia":[{"embeddable":true,"href":"https:\/\/eterle.cz\/eshop\/wp-json\/wp\/v2\/media\/20896"}],"wp:attachment":[{"href":"https:\/\/eterle.cz\/eshop\/wp-json\/wp\/v2\/media?parent=21364"}],"wp:term":[{"taxonomy":"product_brand","embeddable":true,"href":"https:\/\/eterle.cz\/eshop\/wp-json\/wp\/v2\/product_brand?post=21364"},{"taxonomy":"product_cat","embeddable":true,"href":"https:\/\/eterle.cz\/eshop\/wp-json\/wp\/v2\/product_cat?post=21364"},{"taxonomy":"product_tag","embeddable":true,"href":"https:\/\/eterle.cz\/eshop\/wp-json\/wp\/v2\/product_tag?post=21364"}],"curies":[{"name":"wp","href":"https:\/\/api.w.org\/{rel}","templated":true}]}}