{"id":21366,"date":"2024-10-14T14:04:17","date_gmt":"2024-10-14T12:04:17","guid":{"rendered":"https:\/\/eterle.cz\/eshop\/produkt\/kreslo-3\/"},"modified":"2025-06-24T01:55:28","modified_gmt":"2025-06-23T23:55:28","slug":"kreslo-3","status":"publish","type":"product","link":"https:\/\/eterle.cz\/eshop\/produkt\/kreslo-3\/","title":{"rendered":"K\u0159eslo"},"content":{"rendered":"<p>Retro k\u0159eslo ze 70. let 20. stolet\u00ed. D\u0159evo ponech\u00e1no v p\u016fvodn\u00edm stavu a nov\u011b o\u010daloun\u011bn\u00e9 do nyn\u00ed obl\u00edben\u00e9ho boucl\u00e9 v b\u00edl\u00e9 barv\u011b.<\/p>\n<p>Stav: d\u0159evo p\u016fvodn\u00ed zachoval\u00fd, nov\u00e9<br \/>\nRozm\u011br<br \/>\nV\u00fd\u0161ka: 173 cm<br \/>\n\u0160\u00ed\u0159ka: 67 cm<br \/>\nV\u00fd\u0161ka sed\u00e1ku: 40 cm<br \/>\nHloubka: 70 cm<\/p>\n","protected":false},"excerpt":{"rendered":"<p>Retro k\u0159eslo ze 70. let 20. stolet\u00ed. D\u0159evo ponech\u00e1no v p\u016fvodn\u00edm stavu a nov\u011b o\u010daloun\u011bn\u00e9 do nyn\u00ed obl\u00edben\u00e9ho boucl\u00e9 v<\/p>\n","protected":false},"featured_media":20900,"template":"","meta":[],"product_brand":[153],"product_cat":[130,122],"product_tag":[],"class_list":{"0":"post-21366","1":"product","2":"type-product","3":"status-publish","4":"has-post-thumbnail","6":"product_brand-eterle-cz","7":"product_cat-nabytek","8":"product_cat-kresla-a-taburety","9":"product_shipping_class-nadrozmerne","11":"first","12":"instock","13":"purchasable","14":"product-type-simple"},"_links":{"self":[{"href":"https:\/\/eterle.cz\/eshop\/wp-json\/wp\/v2\/product\/21366","targetHints":{"allow":["GET"]}}],"collection":[{"href":"https:\/\/eterle.cz\/eshop\/wp-json\/wp\/v2\/product"}],"about":[{"href":"https:\/\/eterle.cz\/eshop\/wp-json\/wp\/v2\/types\/product"}],"version-history":[{"count":1,"href":"https:\/\/eterle.cz\/eshop\/wp-json\/wp\/v2\/product\/21366\/revisions"}],"predecessor-version":[{"id":26459,"href":"https:\/\/eterle.cz\/eshop\/wp-json\/wp\/v2\/product\/21366\/revisions\/26459"}],"wp:featuredmedia":[{"embeddable":true,"href":"https:\/\/eterle.cz\/eshop\/wp-json\/wp\/v2\/media\/20900"}],"wp:attachment":[{"href":"https:\/\/eterle.cz\/eshop\/wp-json\/wp\/v2\/media?parent=21366"}],"wp:term":[{"taxonomy":"product_brand","embeddable":true,"href":"https:\/\/eterle.cz\/eshop\/wp-json\/wp\/v2\/product_brand?post=21366"},{"taxonomy":"product_cat","embeddable":true,"href":"https:\/\/eterle.cz\/eshop\/wp-json\/wp\/v2\/product_cat?post=21366"},{"taxonomy":"product_tag","embeddable":true,"href":"https:\/\/eterle.cz\/eshop\/wp-json\/wp\/v2\/product_tag?post=21366"}],"curies":[{"name":"wp","href":"https:\/\/api.w.org\/{rel}","templated":true}]}}