{"id":21370,"date":"2024-10-14T14:04:34","date_gmt":"2024-10-14T12:04:34","guid":{"rendered":"https:\/\/eterle.cz\/eshop\/produkt\/hnizdove-stolky-2\/"},"modified":"2025-09-15T21:22:23","modified_gmt":"2025-09-15T19:22:23","slug":"hnizdove-stolky-2","status":"publish","type":"product","link":"https:\/\/eterle.cz\/eshop\/produkt\/hnizdove-stolky-2\/","title":{"rendered":"Hn\u00edzdov\u00e9 stolky"},"content":{"rendered":"<p>Staro\u017eitn\u00e9 hn\u00edzdov\u00e9 stolky po renovaci. \u010cty\u0159i stolky s r\u016fznou v\u00fd\u0161kou lze pou\u017e\u00edvat jednotliv\u011b nebo v kombinaci, v obou p\u0159\u00edpadech budou vypadat dob\u0159e. Pokud je zrovna nepot\u0159ebujete pou\u017e\u00ed, u\u0161et\u0159\u00ed v\u00e1m mo\u017enost zalo\u017een\u00ed do sebe mnoho m\u00edsta.<\/p>\n<p>Stav: po renovaci<br \/>\nRozm\u011br<br \/>\n1. Stolek v:74 cm, h:36 cm, \u0161:51.5 cm,<br \/>\n2. Stolek v:71.5 cm, h:34 cm, \u0161: 44 cm<br \/>\n3. Stolek v:69.5 cm, h:34 cm, \u0161: 39 cm<br \/>\n4. Stolek v:67.5 cm, h:33.5 cm, \u0161: 33.5 cm<\/p>\n","protected":false},"excerpt":{"rendered":"<p>Staro\u017eitn\u00e9 hn\u00edzdov\u00e9 stolky po renovaci. \u010cty\u0159i stolky s r\u016fznou v\u00fd\u0161kou lze pou\u017e\u00edvat jednotliv\u011b nebo v kombinaci, v obou p\u0159\u00edpadech budou<\/p>\n","protected":false},"featured_media":20908,"template":"","meta":[],"product_brand":[153],"product_cat":[130,124],"product_tag":[],"class_list":{"0":"post-21370","1":"product","2":"type-product","3":"status-publish","4":"has-post-thumbnail","6":"product_brand-eterle-cz","7":"product_cat-nabytek","8":"product_cat-stoly","9":"product_shipping_class-nadrozmerne","11":"first","12":"instock","13":"purchasable","14":"product-type-simple"},"_links":{"self":[{"href":"https:\/\/eterle.cz\/eshop\/wp-json\/wp\/v2\/product\/21370","targetHints":{"allow":["GET"]}}],"collection":[{"href":"https:\/\/eterle.cz\/eshop\/wp-json\/wp\/v2\/product"}],"about":[{"href":"https:\/\/eterle.cz\/eshop\/wp-json\/wp\/v2\/types\/product"}],"version-history":[{"count":3,"href":"https:\/\/eterle.cz\/eshop\/wp-json\/wp\/v2\/product\/21370\/revisions"}],"predecessor-version":[{"id":28817,"href":"https:\/\/eterle.cz\/eshop\/wp-json\/wp\/v2\/product\/21370\/revisions\/28817"}],"wp:featuredmedia":[{"embeddable":true,"href":"https:\/\/eterle.cz\/eshop\/wp-json\/wp\/v2\/media\/20908"}],"wp:attachment":[{"href":"https:\/\/eterle.cz\/eshop\/wp-json\/wp\/v2\/media?parent=21370"}],"wp:term":[{"taxonomy":"product_brand","embeddable":true,"href":"https:\/\/eterle.cz\/eshop\/wp-json\/wp\/v2\/product_brand?post=21370"},{"taxonomy":"product_cat","embeddable":true,"href":"https:\/\/eterle.cz\/eshop\/wp-json\/wp\/v2\/product_cat?post=21370"},{"taxonomy":"product_tag","embeddable":true,"href":"https:\/\/eterle.cz\/eshop\/wp-json\/wp\/v2\/product_tag?post=21370"}],"curies":[{"name":"wp","href":"https:\/\/api.w.org\/{rel}","templated":true}]}}