{"id":21372,"date":"2024-10-14T14:04:43","date_gmt":"2024-10-14T12:04:43","guid":{"rendered":"https:\/\/eterle.cz\/eshop\/produkt\/kreslo-bile-boucle\/"},"modified":"2025-07-16T00:01:17","modified_gmt":"2025-07-15T22:01:17","slug":"kreslo-bile-boucle","status":"publish","type":"product","link":"https:\/\/eterle.cz\/eshop\/produkt\/kreslo-bile-boucle\/","title":{"rendered":"K\u0159eslo b\u00edl\u00e9 boucl\u00e9"},"content":{"rendered":"<p>K\u0159es\u00edlko v kombinaci trubkov\u00e9 konstrukce a \u010daloun\u011bn\u00e9ho sed\u00e1ku s op\u011brkou v obl\u00edben\u00e9 variant\u011b boucl\u00e9 (krul). K dispozici m\u00e1me i \u010dernou variantu.<\/p>\n<p>Stav: nov\u011b \u010daloun\u011bn\u00e9, chrom v po\u0159\u00e1dku bez koroze, lehk\u00e1 patina<br \/>\nRozm\u011br<br \/>\nV\u00fd\u0161ka: 69 cm<br \/>\n\u0160\u00ed\u0159ka: 51 cm<br \/>\nV\u00fd\u0161ka sed\u00e1ku: 37 cm<br \/>\nHloubka: 65 cm<\/p>\n","protected":false},"excerpt":{"rendered":"<p>K\u0159es\u00edlko v kombinaci trubkov\u00e9 konstrukce a \u010daloun\u011bn\u00e9ho sed\u00e1ku s op\u011brkou v obl\u00edben\u00e9 variant\u011b boucl\u00e9 (krul). K dispozici m\u00e1me i \u010dernou<\/p>\n","protected":false},"featured_media":20912,"template":"","meta":[],"product_brand":[153],"product_cat":[91],"product_tag":[],"class_list":{"0":"post-21372","1":"product","2":"type-product","3":"status-publish","4":"has-post-thumbnail","6":"product_brand-eterle-cz","7":"product_cat-prodane","8":"product_shipping_class-nadrozmerne","10":"first","11":"outofstock","12":"purchasable","13":"product-type-simple"},"_links":{"self":[{"href":"https:\/\/eterle.cz\/eshop\/wp-json\/wp\/v2\/product\/21372","targetHints":{"allow":["GET"]}}],"collection":[{"href":"https:\/\/eterle.cz\/eshop\/wp-json\/wp\/v2\/product"}],"about":[{"href":"https:\/\/eterle.cz\/eshop\/wp-json\/wp\/v2\/types\/product"}],"version-history":[{"count":1,"href":"https:\/\/eterle.cz\/eshop\/wp-json\/wp\/v2\/product\/21372\/revisions"}],"predecessor-version":[{"id":26455,"href":"https:\/\/eterle.cz\/eshop\/wp-json\/wp\/v2\/product\/21372\/revisions\/26455"}],"wp:featuredmedia":[{"embeddable":true,"href":"https:\/\/eterle.cz\/eshop\/wp-json\/wp\/v2\/media\/20912"}],"wp:attachment":[{"href":"https:\/\/eterle.cz\/eshop\/wp-json\/wp\/v2\/media?parent=21372"}],"wp:term":[{"taxonomy":"product_brand","embeddable":true,"href":"https:\/\/eterle.cz\/eshop\/wp-json\/wp\/v2\/product_brand?post=21372"},{"taxonomy":"product_cat","embeddable":true,"href":"https:\/\/eterle.cz\/eshop\/wp-json\/wp\/v2\/product_cat?post=21372"},{"taxonomy":"product_tag","embeddable":true,"href":"https:\/\/eterle.cz\/eshop\/wp-json\/wp\/v2\/product_tag?post=21372"}],"curies":[{"name":"wp","href":"https:\/\/api.w.org\/{rel}","templated":true}]}}