{"id":21373,"date":"2024-10-14T14:04:47","date_gmt":"2024-10-14T12:04:47","guid":{"rendered":"https:\/\/eterle.cz\/eshop\/produkt\/vesakova-stena-zluta\/"},"modified":"2025-02-16T02:45:10","modified_gmt":"2025-02-16T01:45:10","slug":"vesakova-stena-zluta","status":"publish","type":"product","link":"https:\/\/eterle.cz\/eshop\/produkt\/vesakova-stena-zluta\/","title":{"rendered":"V\u011b\u0161\u00e1kov\u00e1 st\u011bna (\u017elut\u00e1)"},"content":{"rendered":"<p>Retro v\u011b\u0161\u00e1kov\u00e1 st\u011bna pota\u017eena ko\u017eenkou, aby ochr\u00e1nila kab\u00e1ty a bundy proti umaz\u00e1n\u00ed od zdi. Zrcadlo (ve tvaru typick\u00e9m pro bruselskou \u00e9ru) na posledn\u00ed kontrolu p\u0159ed odchodem z domu a mal\u00e1 d\u0159ev\u011bn\u00e1 sk\u0159\u00ed\u0148ka p\u016fvodn\u011b na kart\u00e1\u010d na \u0161aty se d\u00e1 vyu\u017e\u00edt t\u0159eba na kl\u00ed\u010de. Nav\u00edc m\u00e1 st\u011bna i malou n\u00e1st\u011bnnou lampi\u010dku. <\/p>\n<p>Jak je to s kabelem od lampicky??<\/p>\n<p>Stav: p\u016fvodn\u00ed zachoval\u00fd, elekt\u0159ina funk\u010dn\u00ed, chyb\u00ed poli\u010dka na klobouky<br \/>\nRozm\u011br<br \/>\nV\u00fd\u0161ka: 179 cm<br \/>\n\u0160\u00ed\u0159ka: 90 cm<br \/>\nHloubka: 17 cm<\/p>\n","protected":false},"excerpt":{"rendered":"<p>Retro v\u011b\u0161\u00e1kov\u00e1 st\u011bna pota\u017eena ko\u017eenkou, aby ochr\u00e1nila kab\u00e1ty a bundy proti umaz\u00e1n\u00ed od zdi. Zrcadlo (ve tvaru typick\u00e9m pro bruselskou<\/p>\n","protected":false},"featured_media":20914,"template":"","meta":[],"product_brand":[153],"product_cat":[91],"product_tag":[],"class_list":{"0":"post-21373","1":"product","2":"type-product","3":"status-publish","4":"has-post-thumbnail","6":"product_brand-eterle-cz","7":"product_cat-prodane","8":"product_shipping_class-nadrozmerne","10":"first","11":"outofstock","12":"purchasable","13":"product-type-simple"},"_links":{"self":[{"href":"https:\/\/eterle.cz\/eshop\/wp-json\/wp\/v2\/product\/21373","targetHints":{"allow":["GET"]}}],"collection":[{"href":"https:\/\/eterle.cz\/eshop\/wp-json\/wp\/v2\/product"}],"about":[{"href":"https:\/\/eterle.cz\/eshop\/wp-json\/wp\/v2\/types\/product"}],"version-history":[{"count":0,"href":"https:\/\/eterle.cz\/eshop\/wp-json\/wp\/v2\/product\/21373\/revisions"}],"wp:featuredmedia":[{"embeddable":true,"href":"https:\/\/eterle.cz\/eshop\/wp-json\/wp\/v2\/media\/20914"}],"wp:attachment":[{"href":"https:\/\/eterle.cz\/eshop\/wp-json\/wp\/v2\/media?parent=21373"}],"wp:term":[{"taxonomy":"product_brand","embeddable":true,"href":"https:\/\/eterle.cz\/eshop\/wp-json\/wp\/v2\/product_brand?post=21373"},{"taxonomy":"product_cat","embeddable":true,"href":"https:\/\/eterle.cz\/eshop\/wp-json\/wp\/v2\/product_cat?post=21373"},{"taxonomy":"product_tag","embeddable":true,"href":"https:\/\/eterle.cz\/eshop\/wp-json\/wp\/v2\/product_tag?post=21373"}],"curies":[{"name":"wp","href":"https:\/\/api.w.org\/{rel}","templated":true}]}}