{"id":21374,"date":"2024-10-14T14:04:55","date_gmt":"2024-10-14T12:04:55","guid":{"rendered":"https:\/\/eterle.cz\/eshop\/produkt\/vesakova-stena-modra\/"},"modified":"2025-06-24T01:55:27","modified_gmt":"2025-06-23T23:55:27","slug":"vesakova-stena-modra","status":"publish","type":"product","link":"https:\/\/eterle.cz\/eshop\/produkt\/vesakova-stena-modra\/","title":{"rendered":"V\u011b\u0161\u00e1kov\u00e1 st\u011bna (modr\u00e1)"},"content":{"rendered":"<p>Retro v\u011b\u0161\u00e1kov\u00e1 st\u011bna pota\u017eena ko\u017eenkou, aby ochr\u00e1nila kab\u00e1ty a bundy proti umaz\u00e1n\u00ed od zdi. Zrcadlo (ve tvaru typick\u00e9m pro bruselskou \u00e9ru) na posledn\u00ed kontrolu p\u0159ed odchodem z domu a mal\u00e1 d\u0159ev\u011bn\u00e1 sk\u0159\u00ed\u0148ka p\u016fvodn\u011b na kart\u00e1\u010d na \u0161aty se d\u00e1 vyu\u017e\u00edt t\u0159eba na kl\u00ed\u010de. Nav\u00edc m\u00e1 st\u011bna i malou n\u00e1st\u011bnnou lampi\u010dku.<\/p>\n<p>Stav: p\u016fvodn\u00ed zachoval\u00fd, drobn\u00e9 po\u0161kozen\u00ed ko\u017eenky v doln\u00ed \u010d\u00e1sti (viz. foto), lak na sk\u0159\u00ed\u0148ce od\u0159en\u00e1 barva<br \/>\nRozm\u011br<br \/>\nV\u00fd\u0161ka: 185 cm<br \/>\n\u0160\u00ed\u0159ka: 111 cm<br \/>\nHloubka: 29 cm<\/p>\n","protected":false},"excerpt":{"rendered":"<p>Retro v\u011b\u0161\u00e1kov\u00e1 st\u011bna pota\u017eena ko\u017eenkou, aby ochr\u00e1nila kab\u00e1ty a bundy proti umaz\u00e1n\u00ed od zdi. Zrcadlo (ve tvaru typick\u00e9m pro bruselskou<\/p>\n","protected":false},"featured_media":20916,"template":"","meta":[],"product_brand":[153],"product_cat":[130,125],"product_tag":[],"class_list":{"0":"post-21374","1":"product","2":"type-product","3":"status-publish","4":"has-post-thumbnail","6":"product_brand-eterle-cz","7":"product_cat-nabytek","8":"product_cat-komody-a-skrine","9":"product_shipping_class-nadrozmerne","11":"first","12":"instock","13":"purchasable","14":"product-type-simple"},"_links":{"self":[{"href":"https:\/\/eterle.cz\/eshop\/wp-json\/wp\/v2\/product\/21374","targetHints":{"allow":["GET"]}}],"collection":[{"href":"https:\/\/eterle.cz\/eshop\/wp-json\/wp\/v2\/product"}],"about":[{"href":"https:\/\/eterle.cz\/eshop\/wp-json\/wp\/v2\/types\/product"}],"version-history":[{"count":1,"href":"https:\/\/eterle.cz\/eshop\/wp-json\/wp\/v2\/product\/21374\/revisions"}],"predecessor-version":[{"id":26454,"href":"https:\/\/eterle.cz\/eshop\/wp-json\/wp\/v2\/product\/21374\/revisions\/26454"}],"wp:featuredmedia":[{"embeddable":true,"href":"https:\/\/eterle.cz\/eshop\/wp-json\/wp\/v2\/media\/20916"}],"wp:attachment":[{"href":"https:\/\/eterle.cz\/eshop\/wp-json\/wp\/v2\/media?parent=21374"}],"wp:term":[{"taxonomy":"product_brand","embeddable":true,"href":"https:\/\/eterle.cz\/eshop\/wp-json\/wp\/v2\/product_brand?post=21374"},{"taxonomy":"product_cat","embeddable":true,"href":"https:\/\/eterle.cz\/eshop\/wp-json\/wp\/v2\/product_cat?post=21374"},{"taxonomy":"product_tag","embeddable":true,"href":"https:\/\/eterle.cz\/eshop\/wp-json\/wp\/v2\/product_tag?post=21374"}],"curies":[{"name":"wp","href":"https:\/\/api.w.org\/{rel}","templated":true}]}}