{"id":21375,"date":"2024-10-14T14:05:02","date_gmt":"2024-10-14T12:05:02","guid":{"rendered":"https:\/\/eterle.cz\/eshop\/produkt\/jidelni-stul-funkcionalisticky\/"},"modified":"2025-06-24T01:55:27","modified_gmt":"2025-06-23T23:55:27","slug":"jidelni-stul-funkcionalisticky","status":"publish","type":"product","link":"https:\/\/eterle.cz\/eshop\/produkt\/jidelni-stul-funkcionalisticky\/","title":{"rendered":"J\u00eddeln\u00ed st\u016fl funkcionalistick\u00fd"},"content":{"rendered":"<p>Funkcionalistick\u00fd st\u016fl katalogov\u00e9 \u010d\u00edslo Thonet ST34 s kulatou deskou z 30. let minul\u00e9ho stolet\u00ed. V\u00fdrobce Robert Slez\u00e1k, Byst\u0159ice p.Host\u00fdnem, pozd\u011bji vyr\u00e1b\u011bla ato stoly firma Kovona.<\/p>\n<p>Stav: p\u016fvodn\u00ed, d\u0159evo v po\u0159\u00e1dku, chrom koroze na jedn\u00e9 noze patrn\u011bj\u0161\u00ed v\u00edc<br \/>\nRozm\u011br<br \/>\nV\u00fd\u0161ka: 76 cm<br \/>\nPr\u016fm\u011br: 80 cm<\/p>\n","protected":false},"excerpt":{"rendered":"<p>Funkcionalistick\u00fd st\u016fl katalogov\u00e9 \u010d\u00edslo Thonet ST34 s kulatou deskou z 30. let minul\u00e9ho stolet\u00ed. V\u00fdrobce Robert Slez\u00e1k, Byst\u0159ice p.Host\u00fdnem, pozd\u011bji<\/p>\n","protected":false},"featured_media":20918,"template":"","meta":[],"product_brand":[153],"product_cat":[130,124],"product_tag":[],"class_list":{"0":"post-21375","1":"product","2":"type-product","3":"status-publish","4":"has-post-thumbnail","6":"product_brand-eterle-cz","7":"product_cat-nabytek","8":"product_cat-stoly","9":"product_shipping_class-nadrozmerne","11":"first","12":"instock","13":"purchasable","14":"product-type-simple"},"_links":{"self":[{"href":"https:\/\/eterle.cz\/eshop\/wp-json\/wp\/v2\/product\/21375","targetHints":{"allow":["GET"]}}],"collection":[{"href":"https:\/\/eterle.cz\/eshop\/wp-json\/wp\/v2\/product"}],"about":[{"href":"https:\/\/eterle.cz\/eshop\/wp-json\/wp\/v2\/types\/product"}],"version-history":[{"count":1,"href":"https:\/\/eterle.cz\/eshop\/wp-json\/wp\/v2\/product\/21375\/revisions"}],"predecessor-version":[{"id":26453,"href":"https:\/\/eterle.cz\/eshop\/wp-json\/wp\/v2\/product\/21375\/revisions\/26453"}],"wp:featuredmedia":[{"embeddable":true,"href":"https:\/\/eterle.cz\/eshop\/wp-json\/wp\/v2\/media\/20918"}],"wp:attachment":[{"href":"https:\/\/eterle.cz\/eshop\/wp-json\/wp\/v2\/media?parent=21375"}],"wp:term":[{"taxonomy":"product_brand","embeddable":true,"href":"https:\/\/eterle.cz\/eshop\/wp-json\/wp\/v2\/product_brand?post=21375"},{"taxonomy":"product_cat","embeddable":true,"href":"https:\/\/eterle.cz\/eshop\/wp-json\/wp\/v2\/product_cat?post=21375"},{"taxonomy":"product_tag","embeddable":true,"href":"https:\/\/eterle.cz\/eshop\/wp-json\/wp\/v2\/product_tag?post=21375"}],"curies":[{"name":"wp","href":"https:\/\/api.w.org\/{rel}","templated":true}]}}