{"id":21377,"date":"2024-10-14T14:05:11","date_gmt":"2024-10-14T12:05:11","guid":{"rendered":"https:\/\/eterle.cz\/eshop\/produkt\/toaletni-skrinka-3\/"},"modified":"2025-02-16T02:45:08","modified_gmt":"2025-02-16T01:45:08","slug":"toaletni-skrinka-3","status":"publish","type":"product","link":"https:\/\/eterle.cz\/eshop\/produkt\/toaletni-skrinka-3\/","title":{"rendered":"Toaletn\u00ed sk\u0159\u00ed\u0148ka"},"content":{"rendered":"<p>Toaletn\u00ed sk\u0159\u00ed\u0148ka z obdob\u00ed Art Deca. Toaletka je vhodn\u00e1 nap\u0159\u00edklad do haly, kde m\u016f\u017eete odlo\u017eit kabelku a zkontrolvat sv\u016fj vzhled p\u0159ed odchodem.<\/p>\n<p>Stav: p\u016fvodn\u00ed zachoval\u00fd, deska p\u0159ed zrcadlem v\u011bt\u0161\u00ed patina na &#8211; fleky od vody<br \/>\nRozm\u011br<br \/>\nV\u00fd\u0161ka: 169 cm<br \/>\n\u0160\u00ed\u0159ka: 110 cm<br \/>\nHloubka: 36 cm<\/p>\n","protected":false},"excerpt":{"rendered":"<p>Toaletn\u00ed sk\u0159\u00ed\u0148ka z obdob\u00ed Art Deca. Toaletka je vhodn\u00e1 nap\u0159\u00edklad do haly, kde m\u016f\u017eete odlo\u017eit kabelku a zkontrolvat sv\u016fj vzhled<\/p>\n","protected":false},"featured_media":20922,"template":"","meta":[],"product_brand":[153],"product_cat":[91],"product_tag":[],"class_list":{"0":"post-21377","1":"product","2":"type-product","3":"status-publish","4":"has-post-thumbnail","6":"product_brand-eterle-cz","7":"product_cat-prodane","8":"product_shipping_class-nadrozmerne","10":"first","11":"outofstock","12":"purchasable","13":"product-type-simple"},"_links":{"self":[{"href":"https:\/\/eterle.cz\/eshop\/wp-json\/wp\/v2\/product\/21377","targetHints":{"allow":["GET"]}}],"collection":[{"href":"https:\/\/eterle.cz\/eshop\/wp-json\/wp\/v2\/product"}],"about":[{"href":"https:\/\/eterle.cz\/eshop\/wp-json\/wp\/v2\/types\/product"}],"version-history":[{"count":0,"href":"https:\/\/eterle.cz\/eshop\/wp-json\/wp\/v2\/product\/21377\/revisions"}],"wp:featuredmedia":[{"embeddable":true,"href":"https:\/\/eterle.cz\/eshop\/wp-json\/wp\/v2\/media\/20922"}],"wp:attachment":[{"href":"https:\/\/eterle.cz\/eshop\/wp-json\/wp\/v2\/media?parent=21377"}],"wp:term":[{"taxonomy":"product_brand","embeddable":true,"href":"https:\/\/eterle.cz\/eshop\/wp-json\/wp\/v2\/product_brand?post=21377"},{"taxonomy":"product_cat","embeddable":true,"href":"https:\/\/eterle.cz\/eshop\/wp-json\/wp\/v2\/product_cat?post=21377"},{"taxonomy":"product_tag","embeddable":true,"href":"https:\/\/eterle.cz\/eshop\/wp-json\/wp\/v2\/product_tag?post=21377"}],"curies":[{"name":"wp","href":"https:\/\/api.w.org\/{rel}","templated":true}]}}