{"id":21379,"date":"2024-10-14T14:05:24","date_gmt":"2024-10-14T12:05:24","guid":{"rendered":"https:\/\/eterle.cz\/eshop\/produkt\/stolni-lampa-4\/"},"modified":"2025-06-24T01:55:27","modified_gmt":"2025-06-23T23:55:27","slug":"stolni-lampa-4","status":"publish","type":"product","link":"https:\/\/eterle.cz\/eshop\/produkt\/stolni-lampa-4\/","title":{"rendered":"Stoln\u00ed lampa"},"content":{"rendered":"<p>Stoln\u00ed lampi\u010dka ze 70. let 20. stolet\u00ed p\u016fvodem z N\u011bmecka. St\u00ednidlo je tvo\u0159eno 5 sklen\u011bn\u00fdmi deskami p\u0159ipom\u00ednaj\u00edc\u00ed chipsy.<\/p>\n<p>Stav: velmi dobr\u00fd, elektroinstalace p\u016fvodn\u00ed a funk\u010dn\u00ed<br \/>\nRozm\u011br<br \/>\nV\u00fd\u0161ka: 37 cm<br \/>\nPr\u016fm\u011br: 27 cm<\/p>\n","protected":false},"excerpt":{"rendered":"<p>Stoln\u00ed lampi\u010dka ze 70. let 20. stolet\u00ed p\u016fvodem z N\u011bmecka. St\u00ednidlo je tvo\u0159eno 5 sklen\u011bn\u00fdmi deskami p\u0159ipom\u00ednaj\u00edc\u00ed chipsy. Stav: velmi<\/p>\n","protected":false},"featured_media":20926,"template":"","meta":[],"product_brand":[153],"product_cat":[79,141],"product_tag":[],"class_list":{"0":"post-21379","1":"product","2":"type-product","3":"status-publish","4":"has-post-thumbnail","6":"product_brand-eterle-cz","7":"product_cat-svetla","8":"product_cat-stolni-lampy","9":"product_shipping_class-nadrozmerne","11":"first","12":"instock","13":"purchasable","14":"product-type-simple"},"_links":{"self":[{"href":"https:\/\/eterle.cz\/eshop\/wp-json\/wp\/v2\/product\/21379","targetHints":{"allow":["GET"]}}],"collection":[{"href":"https:\/\/eterle.cz\/eshop\/wp-json\/wp\/v2\/product"}],"about":[{"href":"https:\/\/eterle.cz\/eshop\/wp-json\/wp\/v2\/types\/product"}],"version-history":[{"count":1,"href":"https:\/\/eterle.cz\/eshop\/wp-json\/wp\/v2\/product\/21379\/revisions"}],"predecessor-version":[{"id":26450,"href":"https:\/\/eterle.cz\/eshop\/wp-json\/wp\/v2\/product\/21379\/revisions\/26450"}],"wp:featuredmedia":[{"embeddable":true,"href":"https:\/\/eterle.cz\/eshop\/wp-json\/wp\/v2\/media\/20926"}],"wp:attachment":[{"href":"https:\/\/eterle.cz\/eshop\/wp-json\/wp\/v2\/media?parent=21379"}],"wp:term":[{"taxonomy":"product_brand","embeddable":true,"href":"https:\/\/eterle.cz\/eshop\/wp-json\/wp\/v2\/product_brand?post=21379"},{"taxonomy":"product_cat","embeddable":true,"href":"https:\/\/eterle.cz\/eshop\/wp-json\/wp\/v2\/product_cat?post=21379"},{"taxonomy":"product_tag","embeddable":true,"href":"https:\/\/eterle.cz\/eshop\/wp-json\/wp\/v2\/product_tag?post=21379"}],"curies":[{"name":"wp","href":"https:\/\/api.w.org\/{rel}","templated":true}]}}