{"id":21380,"date":"2024-10-14T14:05:30","date_gmt":"2024-10-14T12:05:30","guid":{"rendered":"https:\/\/eterle.cz\/eshop\/produkt\/parove-stolni-lampicky-elektroinstla\/"},"modified":"2025-02-16T02:45:07","modified_gmt":"2025-02-16T01:45:07","slug":"parove-stolni-lampicky-elektroinstla","status":"publish","type":"product","link":"https:\/\/eterle.cz\/eshop\/produkt\/parove-stolni-lampicky-elektroinstla\/","title":{"rendered":"P\u00e1rov\u00e9 stoln\u00ed lampi\u010dky \/ Elektroinstla"},"content":{"rendered":"<p>P\u00e1rov\u00e9 retro lampi\u010dky z 60. let 20. stolet\u00ed zhotoven\u00e9 podnikem Elektroinstala, J\u00edlov\u00e9 u D\u011b\u010d\u00edna. Plastov\u00e1 noha je dopln\u011bna sklen\u011bn\u00edm st\u00ednidlem s plastick\u00fdm vzorem.<\/p>\n<p>Stav: dobr\u00fd, elektroinstalace p\u016fvodn\u00ed a funk\u010dn\u00ed<br \/>\nZna\u010dka: Elektroinstala, J\u00edlov\u00e9 u D\u011b\u010d\u00edna<br \/>\nRozm\u011br<br \/>\nV\u00fd\u0161ka: 24 cm<br \/>\nPr\u016fm\u011br: 13 cm<\/p>\n<p>Sklen\u011bn\u00e9 st\u00ednidlo<\/p>\n","protected":false},"excerpt":{"rendered":"<p>P\u00e1rov\u00e9 retro lampi\u010dky z 60. let 20. stolet\u00ed zhotoven\u00e9 podnikem Elektroinstala, J\u00edlov\u00e9 u D\u011b\u010d\u00edna. Plastov\u00e1 noha je dopln\u011bna sklen\u011bn\u00edm st\u00ednidlem<\/p>\n","protected":false},"featured_media":20928,"template":"","meta":[],"product_brand":[153],"product_cat":[91],"product_tag":[],"class_list":{"0":"post-21380","1":"product","2":"type-product","3":"status-publish","4":"has-post-thumbnail","6":"product_brand-eterle-cz","7":"product_cat-prodane","8":"product_shipping_class-nadrozmerne","10":"first","11":"outofstock","12":"purchasable","13":"product-type-simple"},"_links":{"self":[{"href":"https:\/\/eterle.cz\/eshop\/wp-json\/wp\/v2\/product\/21380","targetHints":{"allow":["GET"]}}],"collection":[{"href":"https:\/\/eterle.cz\/eshop\/wp-json\/wp\/v2\/product"}],"about":[{"href":"https:\/\/eterle.cz\/eshop\/wp-json\/wp\/v2\/types\/product"}],"version-history":[{"count":0,"href":"https:\/\/eterle.cz\/eshop\/wp-json\/wp\/v2\/product\/21380\/revisions"}],"wp:featuredmedia":[{"embeddable":true,"href":"https:\/\/eterle.cz\/eshop\/wp-json\/wp\/v2\/media\/20928"}],"wp:attachment":[{"href":"https:\/\/eterle.cz\/eshop\/wp-json\/wp\/v2\/media?parent=21380"}],"wp:term":[{"taxonomy":"product_brand","embeddable":true,"href":"https:\/\/eterle.cz\/eshop\/wp-json\/wp\/v2\/product_brand?post=21380"},{"taxonomy":"product_cat","embeddable":true,"href":"https:\/\/eterle.cz\/eshop\/wp-json\/wp\/v2\/product_cat?post=21380"},{"taxonomy":"product_tag","embeddable":true,"href":"https:\/\/eterle.cz\/eshop\/wp-json\/wp\/v2\/product_tag?post=21380"}],"curies":[{"name":"wp","href":"https:\/\/api.w.org\/{rel}","templated":true}]}}