{"id":21381,"date":"2024-10-14T14:05:35","date_gmt":"2024-10-14T12:05:35","guid":{"rendered":"https:\/\/eterle.cz\/eshop\/produkt\/lampa-jonisk-ikea\/"},"modified":"2025-10-11T23:05:23","modified_gmt":"2025-10-11T21:05:23","slug":"lampa-jonisk-ikea","status":"publish","type":"product","link":"https:\/\/eterle.cz\/eshop\/produkt\/lampa-jonisk-ikea\/","title":{"rendered":"Lampa Jonisk \/ Ikea"},"content":{"rendered":"<p>Retro lampa Jonisk dle n\u00e1vrhu Carla \u00d6jerstama od firmy Ikea poch\u00e1z\u00ed z 80. let minul\u00e9ho stolet\u00ed. Lampa m\u00e1 vyp\u00edna\u010d na regulaci intenzity sv\u011btla.<\/p>\n<p>Stav: velmi dobr\u00fd, elektroinstalace p\u016fvodn\u00ed a funk\u010dn\u00ed<br \/>\nZna\u010dka: Carl \u00d6jerstam, Ikea<br \/>\nRozm\u011br<br \/>\nV\u00fd\u0161ka: 37 cm<br \/>\nPr\u016fm\u011br: 27 cm<\/p>\n","protected":false},"excerpt":{"rendered":"<p>Retro lampa Jonisk dle n\u00e1vrhu Carla \u00d6jerstama od firmy Ikea poch\u00e1z\u00ed z 80. let minul\u00e9ho stolet\u00ed. Lampa m\u00e1 vyp\u00edna\u010d na<\/p>\n","protected":false},"featured_media":20930,"template":"","meta":[],"product_brand":[153],"product_cat":[91],"product_tag":[],"class_list":{"0":"post-21381","1":"product","2":"type-product","3":"status-publish","4":"has-post-thumbnail","6":"product_brand-eterle-cz","7":"product_cat-prodane","8":"product_shipping_class-nadrozmerne","10":"first","11":"outofstock","12":"purchasable","13":"product-type-simple"},"_links":{"self":[{"href":"https:\/\/eterle.cz\/eshop\/wp-json\/wp\/v2\/product\/21381","targetHints":{"allow":["GET"]}}],"collection":[{"href":"https:\/\/eterle.cz\/eshop\/wp-json\/wp\/v2\/product"}],"about":[{"href":"https:\/\/eterle.cz\/eshop\/wp-json\/wp\/v2\/types\/product"}],"version-history":[{"count":1,"href":"https:\/\/eterle.cz\/eshop\/wp-json\/wp\/v2\/product\/21381\/revisions"}],"predecessor-version":[{"id":26449,"href":"https:\/\/eterle.cz\/eshop\/wp-json\/wp\/v2\/product\/21381\/revisions\/26449"}],"wp:featuredmedia":[{"embeddable":true,"href":"https:\/\/eterle.cz\/eshop\/wp-json\/wp\/v2\/media\/20930"}],"wp:attachment":[{"href":"https:\/\/eterle.cz\/eshop\/wp-json\/wp\/v2\/media?parent=21381"}],"wp:term":[{"taxonomy":"product_brand","embeddable":true,"href":"https:\/\/eterle.cz\/eshop\/wp-json\/wp\/v2\/product_brand?post=21381"},{"taxonomy":"product_cat","embeddable":true,"href":"https:\/\/eterle.cz\/eshop\/wp-json\/wp\/v2\/product_cat?post=21381"},{"taxonomy":"product_tag","embeddable":true,"href":"https:\/\/eterle.cz\/eshop\/wp-json\/wp\/v2\/product_tag?post=21381"}],"curies":[{"name":"wp","href":"https:\/\/api.w.org\/{rel}","templated":true}]}}