{"id":21382,"date":"2024-10-14T14:05:40","date_gmt":"2024-10-14T12:05:40","guid":{"rendered":"https:\/\/eterle.cz\/eshop\/produkt\/stolni-lampa-s-tabery\/"},"modified":"2025-02-16T02:45:07","modified_gmt":"2025-02-16T01:45:07","slug":"stolni-lampa-s-tabery","status":"publish","type":"product","link":"https:\/\/eterle.cz\/eshop\/produkt\/stolni-lampa-s-tabery\/","title":{"rendered":"Stoln\u00ed lampa \/ \u0160. Tabery"},"content":{"rendered":"<p>Obl\u00edben\u00e1 stoln\u00ed lampa podle n\u00e1vrhu design\u00e9ra \u0160t\u011bp\u00e1na Tabery, kterou navrhl v 70. letech pro Osv\u011btlovac\u00ed sklo, st\u0159edisko podniku v Kostanech u Teplic. Jde o ikonick\u00fd, notoricky zn\u00e1m\u00fd model z op\u00e1lov\u00e9ho skla, kter\u00e9 je v jednom kuse spole\u010dn\u011b s podstavcem. P\u0159i rozsv\u00edcen\u00ed se v\u0161ak rozz\u00e1\u0159\u00ed pouze jeho horn\u00ed \u010d\u00e1st.<\/p>\n<p>Stav: dobr\u00fd, od\u0159en\u00fd zlat\u00fd kovov\u00fd lem, elekt\u0159ina p\u016fvodn\u00ed, funk\u010dn\u00ed<br \/>\nZna\u010dka: \u0160t\u011bp\u00e1n Tabery<br \/>\nRozm\u011br<br \/>\nV\u00fd\u0161ka: 31 cm<br \/>\nPr\u016fm\u011br: 24 cm<\/p>\n<p>Tabery oran\u017eov\u00e1<\/p>\n","protected":false},"excerpt":{"rendered":"<p>Obl\u00edben\u00e1 stoln\u00ed lampa podle n\u00e1vrhu design\u00e9ra \u0160t\u011bp\u00e1na Tabery, kterou navrhl v 70. letech pro Osv\u011btlovac\u00ed sklo, st\u0159edisko podniku v Kostanech<\/p>\n","protected":false},"featured_media":20932,"template":"","meta":[],"product_brand":[153],"product_cat":[91],"product_tag":[],"class_list":{"0":"post-21382","1":"product","2":"type-product","3":"status-publish","4":"has-post-thumbnail","6":"product_brand-eterle-cz","7":"product_cat-prodane","8":"product_shipping_class-nadrozmerne","10":"first","11":"outofstock","12":"purchasable","13":"product-type-simple"},"_links":{"self":[{"href":"https:\/\/eterle.cz\/eshop\/wp-json\/wp\/v2\/product\/21382","targetHints":{"allow":["GET"]}}],"collection":[{"href":"https:\/\/eterle.cz\/eshop\/wp-json\/wp\/v2\/product"}],"about":[{"href":"https:\/\/eterle.cz\/eshop\/wp-json\/wp\/v2\/types\/product"}],"version-history":[{"count":0,"href":"https:\/\/eterle.cz\/eshop\/wp-json\/wp\/v2\/product\/21382\/revisions"}],"wp:featuredmedia":[{"embeddable":true,"href":"https:\/\/eterle.cz\/eshop\/wp-json\/wp\/v2\/media\/20932"}],"wp:attachment":[{"href":"https:\/\/eterle.cz\/eshop\/wp-json\/wp\/v2\/media?parent=21382"}],"wp:term":[{"taxonomy":"product_brand","embeddable":true,"href":"https:\/\/eterle.cz\/eshop\/wp-json\/wp\/v2\/product_brand?post=21382"},{"taxonomy":"product_cat","embeddable":true,"href":"https:\/\/eterle.cz\/eshop\/wp-json\/wp\/v2\/product_cat?post=21382"},{"taxonomy":"product_tag","embeddable":true,"href":"https:\/\/eterle.cz\/eshop\/wp-json\/wp\/v2\/product_tag?post=21382"}],"curies":[{"name":"wp","href":"https:\/\/api.w.org\/{rel}","templated":true}]}}