{"id":21383,"date":"2024-10-14T14:05:43","date_gmt":"2024-10-14T12:05:43","guid":{"rendered":"https:\/\/eterle.cz\/eshop\/produkt\/stolni-lampa-s-tabery-2\/"},"modified":"2025-09-24T23:11:29","modified_gmt":"2025-09-24T21:11:29","slug":"stolni-lampa-s-tabery-2","status":"publish","type":"product","link":"https:\/\/eterle.cz\/eshop\/produkt\/stolni-lampa-s-tabery-2\/","title":{"rendered":"Stoln\u00ed lampa \/ \u0160. Tabery"},"content":{"rendered":"<p>Obl\u00edben\u00e1 stoln\u00ed lampa podle n\u00e1vrhu design\u00e9ra \u0160t\u011bp\u00e1na Tabery, kterou navrhl v 70. letech pro Osv\u011btlovac\u00ed sklo, st\u0159edisko podniku v Kostanech u Teplic. Jde o ikonick\u00fd, notoricky zn\u00e1m\u00fd model z op\u00e1lov\u00e9ho skla, kter\u00e9 je v jednom kuse spole\u010dn\u011b s podstavcem. P\u0159i rozsv\u00edcen\u00ed se v\u0161ak rozz\u00e1\u0159\u00ed pouze jeho horn\u00ed \u010d\u00e1st.<\/p>\n<p>Stav: dobr\u00fd, elektroinstalace p\u016fvodn\u00ed a funk\u010dn\u00ed, plastov\u00fd doln\u00ed prou\u017eek<br \/>\nRozm\u011br<br \/>\nV\u00fd\u0161ka: 31 cm<br \/>\nPr\u016fm\u011br: 24 cm<\/p>\n<p>Tabery oran\u017eov\u00e1<\/p>\n","protected":false},"excerpt":{"rendered":"<p>Obl\u00edben\u00e1 stoln\u00ed lampa podle n\u00e1vrhu design\u00e9ra \u0160t\u011bp\u00e1na Tabery, kterou navrhl v 70. letech pro Osv\u011btlovac\u00ed sklo, st\u0159edisko podniku v Kostanech<\/p>\n","protected":false},"featured_media":20934,"template":"","meta":[],"product_brand":[153],"product_cat":[79,141],"product_tag":[],"class_list":{"0":"post-21383","1":"product","2":"type-product","3":"status-publish","4":"has-post-thumbnail","6":"product_brand-eterle-cz","7":"product_cat-svetla","8":"product_cat-stolni-lampy","9":"product_shipping_class-nadrozmerne","11":"first","12":"instock","13":"purchasable","14":"product-type-simple"},"_links":{"self":[{"href":"https:\/\/eterle.cz\/eshop\/wp-json\/wp\/v2\/product\/21383","targetHints":{"allow":["GET"]}}],"collection":[{"href":"https:\/\/eterle.cz\/eshop\/wp-json\/wp\/v2\/product"}],"about":[{"href":"https:\/\/eterle.cz\/eshop\/wp-json\/wp\/v2\/types\/product"}],"version-history":[{"count":1,"href":"https:\/\/eterle.cz\/eshop\/wp-json\/wp\/v2\/product\/21383\/revisions"}],"predecessor-version":[{"id":26448,"href":"https:\/\/eterle.cz\/eshop\/wp-json\/wp\/v2\/product\/21383\/revisions\/26448"}],"wp:featuredmedia":[{"embeddable":true,"href":"https:\/\/eterle.cz\/eshop\/wp-json\/wp\/v2\/media\/20934"}],"wp:attachment":[{"href":"https:\/\/eterle.cz\/eshop\/wp-json\/wp\/v2\/media?parent=21383"}],"wp:term":[{"taxonomy":"product_brand","embeddable":true,"href":"https:\/\/eterle.cz\/eshop\/wp-json\/wp\/v2\/product_brand?post=21383"},{"taxonomy":"product_cat","embeddable":true,"href":"https:\/\/eterle.cz\/eshop\/wp-json\/wp\/v2\/product_cat?post=21383"},{"taxonomy":"product_tag","embeddable":true,"href":"https:\/\/eterle.cz\/eshop\/wp-json\/wp\/v2\/product_tag?post=21383"}],"curies":[{"name":"wp","href":"https:\/\/api.w.org\/{rel}","templated":true}]}}