{"id":21386,"date":"2024-10-14T14:05:55","date_gmt":"2024-10-14T12:05:55","guid":{"rendered":"https:\/\/eterle.cz\/eshop\/produkt\/stolni-lampicka-9\/"},"modified":"2025-09-08T09:14:10","modified_gmt":"2025-09-08T07:14:10","slug":"stolni-lampicka-9","status":"publish","type":"product","link":"https:\/\/eterle.cz\/eshop\/produkt\/stolni-lampicka-9\/","title":{"rendered":"Stoln\u00ed lampi\u010dka"},"content":{"rendered":"<p>Zdravotn\u00ed lampa z 80. let minul\u00e9ho stolet\u00ed p\u016fvodem z N\u011bmecka.<\/p>\n<p>Stav: dobr\u00fd, pouze napraskl\u00fd vyp\u00edna\u010d &#8211; funk\u010dn\u00ed, elekt\u0159ina p\u016fvodn\u00ed, funk\u010dn\u00ed<br \/>\nRozm\u011br<br \/>\nV\u00fd\u0161ka: 23 cm<br \/>\nHloubka: 27 cm<br \/>\n\u0160\u00ed\u0159ka: 19 cm<\/p>\n","protected":false},"excerpt":{"rendered":"<p>Zdravotn\u00ed lampa z 80. let minul\u00e9ho stolet\u00ed p\u016fvodem z N\u011bmecka. Stav: dobr\u00fd, pouze napraskl\u00fd vyp\u00edna\u010d &#8211; funk\u010dn\u00ed, elekt\u0159ina p\u016fvodn\u00ed, funk\u010dn\u00ed<\/p>\n","protected":false},"featured_media":20940,"template":"","meta":[],"product_brand":[153],"product_cat":[91],"product_tag":[],"class_list":{"0":"post-21386","1":"product","2":"type-product","3":"status-publish","4":"has-post-thumbnail","6":"product_brand-eterle-cz","7":"product_cat-prodane","8":"product_shipping_class-nadrozmerne","10":"first","11":"outofstock","12":"purchasable","13":"product-type-simple"},"_links":{"self":[{"href":"https:\/\/eterle.cz\/eshop\/wp-json\/wp\/v2\/product\/21386","targetHints":{"allow":["GET"]}}],"collection":[{"href":"https:\/\/eterle.cz\/eshop\/wp-json\/wp\/v2\/product"}],"about":[{"href":"https:\/\/eterle.cz\/eshop\/wp-json\/wp\/v2\/types\/product"}],"version-history":[{"count":1,"href":"https:\/\/eterle.cz\/eshop\/wp-json\/wp\/v2\/product\/21386\/revisions"}],"predecessor-version":[{"id":26447,"href":"https:\/\/eterle.cz\/eshop\/wp-json\/wp\/v2\/product\/21386\/revisions\/26447"}],"wp:featuredmedia":[{"embeddable":true,"href":"https:\/\/eterle.cz\/eshop\/wp-json\/wp\/v2\/media\/20940"}],"wp:attachment":[{"href":"https:\/\/eterle.cz\/eshop\/wp-json\/wp\/v2\/media?parent=21386"}],"wp:term":[{"taxonomy":"product_brand","embeddable":true,"href":"https:\/\/eterle.cz\/eshop\/wp-json\/wp\/v2\/product_brand?post=21386"},{"taxonomy":"product_cat","embeddable":true,"href":"https:\/\/eterle.cz\/eshop\/wp-json\/wp\/v2\/product_cat?post=21386"},{"taxonomy":"product_tag","embeddable":true,"href":"https:\/\/eterle.cz\/eshop\/wp-json\/wp\/v2\/product_tag?post=21386"}],"curies":[{"name":"wp","href":"https:\/\/api.w.org\/{rel}","templated":true}]}}