{"id":21388,"date":"2024-10-14T14:06:06","date_gmt":"2024-10-14T12:06:06","guid":{"rendered":"https:\/\/eterle.cz\/eshop\/produkt\/stolni-lampa-5\/"},"modified":"2026-04-01T13:51:36","modified_gmt":"2026-04-01T11:51:36","slug":"stolni-lampa-5","status":"publish","type":"product","link":"https:\/\/eterle.cz\/eshop\/produkt\/stolni-lampa-5\/","title":{"rendered":"Stoln\u00ed lampa"},"content":{"rendered":"<p>Stoln\u00ed lampa s porcel\u00e1novou z\u00e1kladnou od ji\u017e neexistuj\u00edc\u00ed porcel\u00e1nky Haas a Czjzek a s nov\u00fdm textiln\u00edm k\u0161irmem v m\u00f3dn\u00ed v\u00ednov\u00e9 barv\u011b.<\/p>\n<p>Stav: perfektn\u00ed , nov\u00e1 elektroinstalace<br \/>\nRozm\u011br<br \/>\nV\u00fd\u0161ka: 56 cm<br \/>\nPr\u016fm\u011br: 45 cm<\/p>\n","protected":false},"excerpt":{"rendered":"<p>Stoln\u00ed lampa s porcel\u00e1novou z\u00e1kladnou od ji\u017e neexistuj\u00edc\u00ed porcel\u00e1nky Haas a Czjzek a s nov\u00fdm textiln\u00edm k\u0161irmem v m\u00f3dn\u00ed v\u00ednov\u00e9<\/p>\n","protected":false},"featured_media":20944,"template":"","meta":[],"product_brand":[153],"product_cat":[79,141],"product_tag":[],"class_list":{"0":"post-21388","1":"product","2":"type-product","3":"status-publish","4":"has-post-thumbnail","6":"product_brand-eterle-cz","7":"product_cat-svetla","8":"product_cat-stolni-lampy","9":"product_shipping_class-nadrozmerne","11":"first","12":"instock","13":"purchasable","14":"product-type-simple"},"_links":{"self":[{"href":"https:\/\/eterle.cz\/eshop\/wp-json\/wp\/v2\/product\/21388","targetHints":{"allow":["GET"]}}],"collection":[{"href":"https:\/\/eterle.cz\/eshop\/wp-json\/wp\/v2\/product"}],"about":[{"href":"https:\/\/eterle.cz\/eshop\/wp-json\/wp\/v2\/types\/product"}],"version-history":[{"count":1,"href":"https:\/\/eterle.cz\/eshop\/wp-json\/wp\/v2\/product\/21388\/revisions"}],"predecessor-version":[{"id":26446,"href":"https:\/\/eterle.cz\/eshop\/wp-json\/wp\/v2\/product\/21388\/revisions\/26446"}],"wp:featuredmedia":[{"embeddable":true,"href":"https:\/\/eterle.cz\/eshop\/wp-json\/wp\/v2\/media\/20944"}],"wp:attachment":[{"href":"https:\/\/eterle.cz\/eshop\/wp-json\/wp\/v2\/media?parent=21388"}],"wp:term":[{"taxonomy":"product_brand","embeddable":true,"href":"https:\/\/eterle.cz\/eshop\/wp-json\/wp\/v2\/product_brand?post=21388"},{"taxonomy":"product_cat","embeddable":true,"href":"https:\/\/eterle.cz\/eshop\/wp-json\/wp\/v2\/product_cat?post=21388"},{"taxonomy":"product_tag","embeddable":true,"href":"https:\/\/eterle.cz\/eshop\/wp-json\/wp\/v2\/product_tag?post=21388"}],"curies":[{"name":"wp","href":"https:\/\/api.w.org\/{rel}","templated":true}]}}