{"id":21476,"date":"2024-10-25T01:25:34","date_gmt":"2024-10-24T23:25:34","guid":{"rendered":"https:\/\/eterle.cz\/eshop\/produkt\/jidelni-sada-pro-4-3\/"},"modified":"2026-01-01T19:20:13","modified_gmt":"2026-01-01T18:20:13","slug":"jidelni-sada-pro-4-3","status":"publish","type":"product","link":"https:\/\/eterle.cz\/eshop\/produkt\/jidelni-sada-pro-4-3\/","title":{"rendered":"J\u00eddeln\u00ed sada pro 4"},"content":{"rendered":"<p>J\u00eddeln\u00ed sada secesn\u00edho stylu zdoben\u00e1 zlat\u00fdm prou\u017ekem s \u010dern\u00fdm jemn\u00fdm vzorem je vhodn\u00e1 sp\u00ed\u0161e na slavnostn\u00ed tabuli.<\/p>\n<p>Sada obsahuje 14 kus\u016f: 4x m\u011blk\u00fd tal\u00ed\u0159, 4x hlubok\u00fd tal\u00ed\u0159, velk\u00fd kulat\u00fd serv\u00edrovac\u00ed tal\u00ed\u0159, hranatou sal\u00e1tovou m\u00edsu, ov\u00e1lnou m\u00edsu, malou ov\u00e1lnou m\u00edsu, om\u00e1\u010dn\u00edk, pol\u00e9vkovou m\u00edsu,<\/p>\n<p>Stav: dpbr\u00fd, jen hranat\u00e1 a v\u011bt\u0161\u00ed ov\u00e1ln\u00e1 m\u00edsa maj\u00ed m\u00edsty sed\u0159en\u00fd zlat\u00fd okraj<br \/>\nRozm\u011br<br \/>\nPr\u016fm\u011br m\u011blk\u00e9ho tal\u00ed\u0159e: 25 cm<br \/>\nPr\u016fm\u011br hlubok\u00e9ho tal\u00ed\u0159e: 24,5 cm<br \/>\nPr\u016fm\u011br serv\u00edrovac\u00edho tal\u00ed\u0159e: 34 cm<br \/>\nHranat\u00e1 sal\u00e1tov\u00e1 m\u00edsa: 24 x 24 cm<br \/>\nOv\u00e1ln\u00ed m\u00edsa: 24 x 13,5 cm<br \/>\nOv\u00e1ln\u00e1 m\u00edsa: 28,5 x 18,5 cm<br \/>\nObjem m\u00edsy s poklopem: 1 l<br \/>\nObjem om\u00e1\u010dn\u00edku: 300 ml<\/p>\n","protected":false},"excerpt":{"rendered":"<p>J\u00eddeln\u00ed sada secesn\u00edho stylu zdoben\u00e1 zlat\u00fdm prou\u017ekem s \u010dern\u00fdm jemn\u00fdm vzorem je vhodn\u00e1 sp\u00ed\u0161e na slavnostn\u00ed tabuli. Sada obsahuje 14<\/p>\n","protected":false},"featured_media":21477,"template":"","meta":[],"product_brand":[153],"product_cat":[76,111],"product_tag":[],"class_list":{"0":"post-21476","1":"product","2":"type-product","3":"status-publish","4":"has-post-thumbnail","6":"product_brand-eterle-cz","7":"product_cat-porcelan","8":"product_cat-porcelanove-sady","10":"first","11":"instock","12":"purchasable","13":"product-type-simple"},"_links":{"self":[{"href":"https:\/\/eterle.cz\/eshop\/wp-json\/wp\/v2\/product\/21476","targetHints":{"allow":["GET"]}}],"collection":[{"href":"https:\/\/eterle.cz\/eshop\/wp-json\/wp\/v2\/product"}],"about":[{"href":"https:\/\/eterle.cz\/eshop\/wp-json\/wp\/v2\/types\/product"}],"version-history":[{"count":1,"href":"https:\/\/eterle.cz\/eshop\/wp-json\/wp\/v2\/product\/21476\/revisions"}],"predecessor-version":[{"id":26441,"href":"https:\/\/eterle.cz\/eshop\/wp-json\/wp\/v2\/product\/21476\/revisions\/26441"}],"wp:featuredmedia":[{"embeddable":true,"href":"https:\/\/eterle.cz\/eshop\/wp-json\/wp\/v2\/media\/21477"}],"wp:attachment":[{"href":"https:\/\/eterle.cz\/eshop\/wp-json\/wp\/v2\/media?parent=21476"}],"wp:term":[{"taxonomy":"product_brand","embeddable":true,"href":"https:\/\/eterle.cz\/eshop\/wp-json\/wp\/v2\/product_brand?post=21476"},{"taxonomy":"product_cat","embeddable":true,"href":"https:\/\/eterle.cz\/eshop\/wp-json\/wp\/v2\/product_cat?post=21476"},{"taxonomy":"product_tag","embeddable":true,"href":"https:\/\/eterle.cz\/eshop\/wp-json\/wp\/v2\/product_tag?post=21476"}],"curies":[{"name":"wp","href":"https:\/\/api.w.org\/{rel}","templated":true}]}}