{"id":21493,"date":"2024-10-25T01:26:05","date_gmt":"2024-10-24T23:26:05","guid":{"rendered":"https:\/\/eterle.cz\/eshop\/produkt\/cajova-sada-pro-6-haas-a-czjzek\/"},"modified":"2025-02-16T02:45:03","modified_gmt":"2025-02-16T01:45:03","slug":"cajova-sada-pro-6-haas-a-czjzek","status":"publish","type":"product","link":"https:\/\/eterle.cz\/eshop\/produkt\/cajova-sada-pro-6-haas-a-czjzek\/","title":{"rendered":"\u010cajov\u00e1 sada pro 6 \/ Haas a Czjzek"},"content":{"rendered":"<p>\u010cajov\u00e1 sada pro 6 osob ve smetanov\u00e9 barv\u011b z jedn\u00e9 z nejstar\u0161\u00edch porcel\u00e1nek v \u010cech\u00e1ch &#8211; Haas a Czjzek. Sada je ve v\u00fdborn\u00e9m stavu p\u0159esto\u017ee je z tenk\u00e9ho st\u0159epu.Je zdobena jemn\u00fdm dekorem ve zlat\u00e9 a nyn\u00ed velmi trendy bord\u00f3 barv\u011b.<\/p>\n<p>Sada obsahuje: 6x \u0161ap\u00f3, 6x dezertn\u00ed tal\u00ed\u0159ek, ml\u00e9kovku, cuk\u0159enku, konvici na \u010daj<\/p>\n<p>Stav: v\u00fdborn\u00fd<br \/>\nZna\u010dka: Haas a Czjzek<br \/>\nRozm\u011br<br \/>\nObjem hrne\u010dku: 110 ml<br \/>\nObjem konvice: 1,2 l<br \/>\nObjem ml\u00e9kovky: 300 ml<br \/>\nPr\u016fm\u011br pod\u0161\u00e1lku: 15 cm<br \/>\nPr\u016fm\u011br tal\u00ed\u0159ku: 20 cm<br \/>\nV\u00fd\u0161ka cuk\u0159enky: 6 cm<\/p>\n","protected":false},"excerpt":{"rendered":"<p>\u010cajov\u00e1 sada pro 6 osob ve smetanov\u00e9 barv\u011b z jedn\u00e9 z nejstar\u0161\u00edch porcel\u00e1nek v \u010cech\u00e1ch &#8211; Haas a Czjzek. Sada<\/p>\n","protected":false},"featured_media":21494,"template":"","meta":[],"product_brand":[153],"product_cat":[91],"product_tag":[],"class_list":{"0":"post-21493","1":"product","2":"type-product","3":"status-publish","4":"has-post-thumbnail","6":"product_brand-eterle-cz","7":"product_cat-prodane","9":"first","10":"outofstock","11":"sale","12":"purchasable","13":"product-type-simple"},"_links":{"self":[{"href":"https:\/\/eterle.cz\/eshop\/wp-json\/wp\/v2\/product\/21493","targetHints":{"allow":["GET"]}}],"collection":[{"href":"https:\/\/eterle.cz\/eshop\/wp-json\/wp\/v2\/product"}],"about":[{"href":"https:\/\/eterle.cz\/eshop\/wp-json\/wp\/v2\/types\/product"}],"version-history":[{"count":0,"href":"https:\/\/eterle.cz\/eshop\/wp-json\/wp\/v2\/product\/21493\/revisions"}],"wp:featuredmedia":[{"embeddable":true,"href":"https:\/\/eterle.cz\/eshop\/wp-json\/wp\/v2\/media\/21494"}],"wp:attachment":[{"href":"https:\/\/eterle.cz\/eshop\/wp-json\/wp\/v2\/media?parent=21493"}],"wp:term":[{"taxonomy":"product_brand","embeddable":true,"href":"https:\/\/eterle.cz\/eshop\/wp-json\/wp\/v2\/product_brand?post=21493"},{"taxonomy":"product_cat","embeddable":true,"href":"https:\/\/eterle.cz\/eshop\/wp-json\/wp\/v2\/product_cat?post=21493"},{"taxonomy":"product_tag","embeddable":true,"href":"https:\/\/eterle.cz\/eshop\/wp-json\/wp\/v2\/product_tag?post=21493"}],"curies":[{"name":"wp","href":"https:\/\/api.w.org\/{rel}","templated":true}]}}