{"id":21504,"date":"2024-10-25T01:26:27","date_gmt":"2024-10-24T23:26:27","guid":{"rendered":"https:\/\/eterle.cz\/eshop\/produkt\/sada-dezertnich-taliru-haas-a-czjzek\/"},"modified":"2025-02-16T02:45:03","modified_gmt":"2025-02-16T01:45:03","slug":"sada-dezertnich-taliru-haas-a-czjzek","status":"publish","type":"product","link":"https:\/\/eterle.cz\/eshop\/produkt\/sada-dezertnich-taliru-haas-a-czjzek\/","title":{"rendered":"Sada dezertn\u00edch tal\u00ed\u0159\u016f \/ Haas a Czjzek"},"content":{"rendered":"<p>Sada dezertn\u00edch tal\u00ed\u0159\u016f pro 6 osob ve smetanov\u00e9 barv\u011b z jedn\u00e9 z nejstar\u0161\u00edch porcel\u00e1nek v \u010cech\u00e1ch &#8211; Haas a Czjzek. Tal\u00ed\u0159ky jsou zdobeny jemn\u00fdm dekorem ve zlat\u00e9 a nyn\u00ed velmi trendy bord\u00f3 barv\u011b.<\/p>\n<p>Stav: v\u00fdborn\u00fd<br \/>\nZna\u010dka: Haas a Czjzek<br \/>\nRozm\u011br<br \/>\nPr\u016fm\u011br tal\u00ed\u0159e: 20 cm<\/p>\n","protected":false},"excerpt":{"rendered":"<p>Sada dezertn\u00edch tal\u00ed\u0159\u016f pro 6 osob ve smetanov\u00e9 barv\u011b z jedn\u00e9 z nejstar\u0161\u00edch porcel\u00e1nek v \u010cech\u00e1ch &#8211; Haas a Czjzek.<\/p>\n","protected":false},"featured_media":21505,"template":"","meta":[],"product_brand":[153],"product_cat":[91],"product_tag":[],"class_list":{"0":"post-21504","1":"product","2":"type-product","3":"status-publish","4":"has-post-thumbnail","6":"product_brand-eterle-cz","7":"product_cat-prodane","9":"first","10":"outofstock","11":"purchasable","12":"product-type-simple"},"_links":{"self":[{"href":"https:\/\/eterle.cz\/eshop\/wp-json\/wp\/v2\/product\/21504","targetHints":{"allow":["GET"]}}],"collection":[{"href":"https:\/\/eterle.cz\/eshop\/wp-json\/wp\/v2\/product"}],"about":[{"href":"https:\/\/eterle.cz\/eshop\/wp-json\/wp\/v2\/types\/product"}],"version-history":[{"count":0,"href":"https:\/\/eterle.cz\/eshop\/wp-json\/wp\/v2\/product\/21504\/revisions"}],"wp:featuredmedia":[{"embeddable":true,"href":"https:\/\/eterle.cz\/eshop\/wp-json\/wp\/v2\/media\/21505"}],"wp:attachment":[{"href":"https:\/\/eterle.cz\/eshop\/wp-json\/wp\/v2\/media?parent=21504"}],"wp:term":[{"taxonomy":"product_brand","embeddable":true,"href":"https:\/\/eterle.cz\/eshop\/wp-json\/wp\/v2\/product_brand?post=21504"},{"taxonomy":"product_cat","embeddable":true,"href":"https:\/\/eterle.cz\/eshop\/wp-json\/wp\/v2\/product_cat?post=21504"},{"taxonomy":"product_tag","embeddable":true,"href":"https:\/\/eterle.cz\/eshop\/wp-json\/wp\/v2\/product_tag?post=21504"}],"curies":[{"name":"wp","href":"https:\/\/api.w.org\/{rel}","templated":true}]}}