{"id":21510,"date":"2024-10-25T01:26:37","date_gmt":"2024-10-24T23:26:37","guid":{"rendered":"https:\/\/eterle.cz\/eshop\/produkt\/sada-na-kavu-pro-2-haas-a-czjzek\/"},"modified":"2025-06-09T23:45:10","modified_gmt":"2025-06-09T21:45:10","slug":"sada-na-kavu-pro-2-haas-a-czjzek","status":"publish","type":"product","link":"https:\/\/eterle.cz\/eshop\/produkt\/sada-na-kavu-pro-2-haas-a-czjzek\/","title":{"rendered":"Sada na k\u00e1vu pro 2 \/ Haas a Czjzek"},"content":{"rendered":"<p>Sada na espresso pro dva z 60. let minul\u00e9ho stolet\u00ed v bruselsk\u00e9m stylu, pro kter\u00fd jsou typick\u00e9 pastelov\u00e9 barvy, zde nav\u00edc dopln\u011bno o zlat\u00e9 a \u010dern\u00e9 linie. Sada poch\u00e1z\u00ed z jedn\u00e9 z nejstar\u0161\u00edch \u010desk\u00fdch porcel\u00e1nek Haas a Czjzek.<\/p>\n<p>Sada obsahuje: 2x \u0161ap\u00f3, 2x dezertn\u00ed tal\u00ed\u0159ek, ml\u00e9kovku a cuk\u0159enku<\/p>\n<p>Stav: v\u00fdborn\u00fd<br \/>\nZna\u010dka: Haas a Czjzek<br \/>\nRozm\u011br<br \/>\nObjem hrne\u010dku: 100 ml<br \/>\nObjem ml\u00e9kovky: 200 ml<br \/>\nPr\u016fm\u011br pod\u0161\u00e1lku: 12 cm<br \/>\nPr\u016fm\u011br tal\u00ed\u0159ku: 16 cm<br \/>\nV\u00fd\u0161ka cuk\u0159enky: 9 cm<\/p>\n","protected":false},"excerpt":{"rendered":"<p>Sada na espresso pro dva z 60. let minul\u00e9ho stolet\u00ed v bruselsk\u00e9m stylu, pro kter\u00fd jsou typick\u00e9 pastelov\u00e9 barvy, zde<\/p>\n","protected":false},"featured_media":21511,"template":"","meta":[],"product_brand":[153],"product_cat":[91],"product_tag":[],"class_list":{"0":"post-21510","1":"product","2":"type-product","3":"status-publish","4":"has-post-thumbnail","6":"product_brand-eterle-cz","7":"product_cat-prodane","9":"first","10":"outofstock","11":"purchasable","12":"product-type-simple"},"_links":{"self":[{"href":"https:\/\/eterle.cz\/eshop\/wp-json\/wp\/v2\/product\/21510","targetHints":{"allow":["GET"]}}],"collection":[{"href":"https:\/\/eterle.cz\/eshop\/wp-json\/wp\/v2\/product"}],"about":[{"href":"https:\/\/eterle.cz\/eshop\/wp-json\/wp\/v2\/types\/product"}],"version-history":[{"count":1,"href":"https:\/\/eterle.cz\/eshop\/wp-json\/wp\/v2\/product\/21510\/revisions"}],"predecessor-version":[{"id":26022,"href":"https:\/\/eterle.cz\/eshop\/wp-json\/wp\/v2\/product\/21510\/revisions\/26022"}],"wp:featuredmedia":[{"embeddable":true,"href":"https:\/\/eterle.cz\/eshop\/wp-json\/wp\/v2\/media\/21511"}],"wp:attachment":[{"href":"https:\/\/eterle.cz\/eshop\/wp-json\/wp\/v2\/media?parent=21510"}],"wp:term":[{"taxonomy":"product_brand","embeddable":true,"href":"https:\/\/eterle.cz\/eshop\/wp-json\/wp\/v2\/product_brand?post=21510"},{"taxonomy":"product_cat","embeddable":true,"href":"https:\/\/eterle.cz\/eshop\/wp-json\/wp\/v2\/product_cat?post=21510"},{"taxonomy":"product_tag","embeddable":true,"href":"https:\/\/eterle.cz\/eshop\/wp-json\/wp\/v2\/product_tag?post=21510"}],"curies":[{"name":"wp","href":"https:\/\/api.w.org\/{rel}","templated":true}]}}