{"id":21519,"date":"2024-10-25T01:26:52","date_gmt":"2024-10-24T23:26:52","guid":{"rendered":"https:\/\/eterle.cz\/eshop\/produkt\/sapo-6\/"},"modified":"2025-06-24T01:55:25","modified_gmt":"2025-06-23T23:55:25","slug":"sapo-6","status":"publish","type":"product","link":"https:\/\/eterle.cz\/eshop\/produkt\/sapo-6\/","title":{"rendered":"\u0160ap\u00f3"},"content":{"rendered":"<p>Hrne\u010dek s tal\u00ed\u0159kem a pod\u0161\u00e1lkem v jednom z r\u016f\u017eov\u00e9ho porcel\u00e1nu, kter\u00fd je \u010deskou raritou. Tento r\u016f\u017eov\u00fd porcel\u00e1n je ji\u017e t\u011b\u017eko sehnateln\u00fd, proto\u017ee tov\u00e1rna byla ji\u017e p\u0159ed sedmi lety uzav\u0159ena.<\/p>\n<p>Stav: perfektn\u00ed<br \/>\nRozm\u011br<br \/>\nRozm\u011br tal\u00ed\u0159ku: 20 x 13 cm<br \/>\nObjem hrne\u010dku: 300 ml<\/p>\n","protected":false},"excerpt":{"rendered":"<p>Hrne\u010dek s tal\u00ed\u0159kem a pod\u0161\u00e1lkem v jednom z r\u016f\u017eov\u00e9ho porcel\u00e1nu, kter\u00fd je \u010deskou raritou. Tento r\u016f\u017eov\u00fd porcel\u00e1n je ji\u017e t\u011b\u017eko<\/p>\n","protected":false},"featured_media":21520,"template":"","meta":[],"product_brand":[153],"product_cat":[76,120],"product_tag":[],"class_list":{"0":"post-21519","1":"product","2":"type-product","3":"status-publish","4":"has-post-thumbnail","6":"product_brand-eterle-cz","7":"product_cat-porcelan","8":"product_cat-hrnecky","10":"first","11":"instock","12":"purchasable","13":"product-type-simple"},"_links":{"self":[{"href":"https:\/\/eterle.cz\/eshop\/wp-json\/wp\/v2\/product\/21519","targetHints":{"allow":["GET"]}}],"collection":[{"href":"https:\/\/eterle.cz\/eshop\/wp-json\/wp\/v2\/product"}],"about":[{"href":"https:\/\/eterle.cz\/eshop\/wp-json\/wp\/v2\/types\/product"}],"version-history":[{"count":1,"href":"https:\/\/eterle.cz\/eshop\/wp-json\/wp\/v2\/product\/21519\/revisions"}],"predecessor-version":[{"id":26440,"href":"https:\/\/eterle.cz\/eshop\/wp-json\/wp\/v2\/product\/21519\/revisions\/26440"}],"wp:featuredmedia":[{"embeddable":true,"href":"https:\/\/eterle.cz\/eshop\/wp-json\/wp\/v2\/media\/21520"}],"wp:attachment":[{"href":"https:\/\/eterle.cz\/eshop\/wp-json\/wp\/v2\/media?parent=21519"}],"wp:term":[{"taxonomy":"product_brand","embeddable":true,"href":"https:\/\/eterle.cz\/eshop\/wp-json\/wp\/v2\/product_brand?post=21519"},{"taxonomy":"product_cat","embeddable":true,"href":"https:\/\/eterle.cz\/eshop\/wp-json\/wp\/v2\/product_cat?post=21519"},{"taxonomy":"product_tag","embeddable":true,"href":"https:\/\/eterle.cz\/eshop\/wp-json\/wp\/v2\/product_tag?post=21519"}],"curies":[{"name":"wp","href":"https:\/\/api.w.org\/{rel}","templated":true}]}}