{"id":21531,"date":"2024-10-25T01:27:16","date_gmt":"2024-10-24T23:27:16","guid":{"rendered":"https:\/\/eterle.cz\/eshop\/produkt\/snidanova-sada-arzberg\/"},"modified":"2025-02-16T02:45:01","modified_gmt":"2025-02-16T01:45:01","slug":"snidanova-sada-arzberg","status":"publish","type":"product","link":"https:\/\/eterle.cz\/eshop\/produkt\/snidanova-sada-arzberg\/","title":{"rendered":"Sn\u00edda\u0148ov\u00e1 sada \/ Arzberg"},"content":{"rendered":"<p>Sn\u00edda\u0148ov\u00e1 sada od n\u011bmeck\u00e9 porcel\u00e1nky Arzberg, kter\u00e1 od roku 2013 spad\u00e1 pod zna\u010dku Rosenthal. Sada je zdobena decentn\u00edm vzorem stylizovan\u00fdh kyti\u010dek v \u0161ed\u00e9 barv\u011b. Nav\u00edc je porcel\u00e1n dopln\u011bnn i plastyck\u00fdm vzorem patrn\u00fdm sp\u00ed\u0161e po hamtu ne\u017e pouh\u00fdm okem.<\/p>\n<p>Stav: perfektn\u00ed<br \/>\nZna\u010dka: Arzberg<br \/>\nRozm\u011br<br \/>\nObjem hrne\u010dku: 200 ml<br \/>\nPr\u016fm\u011br pod\u0161\u00e1lku: 14 cm<br \/>\nPr\u016fm\u011br tal\u00ed\u0159ku: 20 cm<\/p>\n","protected":false},"excerpt":{"rendered":"<p>Sn\u00edda\u0148ov\u00e1 sada od n\u011bmeck\u00e9 porcel\u00e1nky Arzberg, kter\u00e1 od roku 2013 spad\u00e1 pod zna\u010dku Rosenthal. Sada je zdobena decentn\u00edm vzorem stylizovan\u00fdh<\/p>\n","protected":false},"featured_media":21532,"template":"","meta":[],"product_brand":[153],"product_cat":[91],"product_tag":[],"class_list":{"0":"post-21531","1":"product","2":"type-product","3":"status-publish","4":"has-post-thumbnail","6":"product_brand-eterle-cz","7":"product_cat-prodane","9":"first","10":"outofstock","11":"purchasable","12":"product-type-simple"},"_links":{"self":[{"href":"https:\/\/eterle.cz\/eshop\/wp-json\/wp\/v2\/product\/21531","targetHints":{"allow":["GET"]}}],"collection":[{"href":"https:\/\/eterle.cz\/eshop\/wp-json\/wp\/v2\/product"}],"about":[{"href":"https:\/\/eterle.cz\/eshop\/wp-json\/wp\/v2\/types\/product"}],"version-history":[{"count":0,"href":"https:\/\/eterle.cz\/eshop\/wp-json\/wp\/v2\/product\/21531\/revisions"}],"wp:featuredmedia":[{"embeddable":true,"href":"https:\/\/eterle.cz\/eshop\/wp-json\/wp\/v2\/media\/21532"}],"wp:attachment":[{"href":"https:\/\/eterle.cz\/eshop\/wp-json\/wp\/v2\/media?parent=21531"}],"wp:term":[{"taxonomy":"product_brand","embeddable":true,"href":"https:\/\/eterle.cz\/eshop\/wp-json\/wp\/v2\/product_brand?post=21531"},{"taxonomy":"product_cat","embeddable":true,"href":"https:\/\/eterle.cz\/eshop\/wp-json\/wp\/v2\/product_cat?post=21531"},{"taxonomy":"product_tag","embeddable":true,"href":"https:\/\/eterle.cz\/eshop\/wp-json\/wp\/v2\/product_tag?post=21531"}],"curies":[{"name":"wp","href":"https:\/\/api.w.org\/{rel}","templated":true}]}}