{"id":21543,"date":"2024-10-25T01:27:37","date_gmt":"2024-10-24T23:27:37","guid":{"rendered":"https:\/\/eterle.cz\/eshop\/produkt\/kavova-sada-pro-6-loucky\/"},"modified":"2025-08-26T00:23:06","modified_gmt":"2025-08-25T22:23:06","slug":"kavova-sada-pro-6-loucky","status":"publish","type":"product","link":"https:\/\/eterle.cz\/eshop\/produkt\/kavova-sada-pro-6-loucky\/","title":{"rendered":"K\u00e1vov\u00e1 sada pro 6 \/ Lou\u010dky"},"content":{"rendered":"<p>K\u00e1vov\u00e1 sada pro 6 osob ozna\u010dov\u00e1na jako &#8222;Josef\u00edna&#8220; od n\u00e1vrh\u00e1\u0159e V. Dolej\u0161e pro porcle\u00e1nku Lou\u010dky poch\u00e1z\u00ed ze 70. let minul\u00e9ho stolet\u00ed. Sada je v\u00fdrazn\u011b zdbena motivem p\u00e1va v kobaltov\u00e9 modr\u00e9 dopln\u011bna je\u0161t\u011b o zlat\u00e9 detaily. <\/p>\n<p>Sada obsahuje: 6x \u0161ap\u00f3, ml\u00e9kovku, cuk\u0159enku, konvici na k\u00e1vu<\/p>\n<p>Stav: v\u00fdborn\u00fd<br \/>\nZna\u010dka: Lou\u010dky<br \/>\nRozm\u011br<br \/>\nObjem hrne\u010dku: 200 ml<br \/>\nObjem konvice: 1,2 l<br \/>\nObjem ml\u00e9kovky: 210 ml<br \/>\nPr\u016fm\u011br pod\u0161\u00e1lku: 15 cm<br \/>\nV\u00fd\u0161ka cuk\u0159enky: 10,5 cm<\/p>\n","protected":false},"excerpt":{"rendered":"<p>K\u00e1vov\u00e1 sada pro 6 osob ozna\u010dov\u00e1na jako &#8222;Josef\u00edna&#8220; od n\u00e1vrh\u00e1\u0159e V. Dolej\u0161e pro porcle\u00e1nku Lou\u010dky poch\u00e1z\u00ed ze 70. let minul\u00e9ho<\/p>\n","protected":false},"featured_media":21544,"template":"","meta":[],"product_brand":[153],"product_cat":[91],"product_tag":[],"class_list":{"0":"post-21543","1":"product","2":"type-product","3":"status-publish","4":"has-post-thumbnail","6":"product_brand-eterle-cz","7":"product_cat-prodane","9":"first","10":"outofstock","11":"purchasable","12":"product-type-simple"},"_links":{"self":[{"href":"https:\/\/eterle.cz\/eshop\/wp-json\/wp\/v2\/product\/21543","targetHints":{"allow":["GET"]}}],"collection":[{"href":"https:\/\/eterle.cz\/eshop\/wp-json\/wp\/v2\/product"}],"about":[{"href":"https:\/\/eterle.cz\/eshop\/wp-json\/wp\/v2\/types\/product"}],"version-history":[{"count":1,"href":"https:\/\/eterle.cz\/eshop\/wp-json\/wp\/v2\/product\/21543\/revisions"}],"predecessor-version":[{"id":26438,"href":"https:\/\/eterle.cz\/eshop\/wp-json\/wp\/v2\/product\/21543\/revisions\/26438"}],"wp:featuredmedia":[{"embeddable":true,"href":"https:\/\/eterle.cz\/eshop\/wp-json\/wp\/v2\/media\/21544"}],"wp:attachment":[{"href":"https:\/\/eterle.cz\/eshop\/wp-json\/wp\/v2\/media?parent=21543"}],"wp:term":[{"taxonomy":"product_brand","embeddable":true,"href":"https:\/\/eterle.cz\/eshop\/wp-json\/wp\/v2\/product_brand?post=21543"},{"taxonomy":"product_cat","embeddable":true,"href":"https:\/\/eterle.cz\/eshop\/wp-json\/wp\/v2\/product_cat?post=21543"},{"taxonomy":"product_tag","embeddable":true,"href":"https:\/\/eterle.cz\/eshop\/wp-json\/wp\/v2\/product_tag?post=21543"}],"curies":[{"name":"wp","href":"https:\/\/api.w.org\/{rel}","templated":true}]}}