{"id":21553,"date":"2024-10-25T01:27:54","date_gmt":"2024-10-24T23:27:54","guid":{"rendered":"https:\/\/eterle.cz\/eshop\/produkt\/cajova-sada-pro-6-hutschenreuther\/"},"modified":"2025-06-24T01:55:25","modified_gmt":"2025-06-23T23:55:25","slug":"cajova-sada-pro-6-hutschenreuther","status":"publish","type":"product","link":"https:\/\/eterle.cz\/eshop\/produkt\/cajova-sada-pro-6-hutschenreuther\/","title":{"rendered":"\u010cajov\u00e1 sada pro 6 \/ Hutschenreuther"},"content":{"rendered":"<p>Kr\u00e1sn\u00e1 \u010dajov\u00e1 sada od n\u011bmeck\u00e9 porcel\u00e1nky Hutschenreuther. Porcel\u00e1n z tenk\u00e9ho st\u0159epu, krasn\u00e9 tvary a jemn\u00e9 plastick\u00e9 zdoben\u00ed. Nen\u00e1padn\u00fd a p\u0159itom tak zaj\u00edmav\u00fd a elegantn\u00ed set.<\/p>\n<p>Sada obsahuje: 6x \u0161ap\u00f3, ml\u00e9kovku, cuk\u0159enku<\/p>\n<p>Stav: velmi dobr\u00fd<br \/>\nZna\u010dka: Hutschenreuther<br \/>\nRozm\u011br<br \/>\nObjem hrne\u010dku: 200 ml<br \/>\nObjem ml\u00e9kovky: 400 ml<br \/>\nPr\u016fm\u011br pod\u0161\u00e1lku: 15 cm<br \/>\nV\u00fd\u0161ka cuk\u0159enky: 11,5 cm<\/p>\n","protected":false},"excerpt":{"rendered":"<p>Kr\u00e1sn\u00e1 \u010dajov\u00e1 sada od n\u011bmeck\u00e9 porcel\u00e1nky Hutschenreuther. Porcel\u00e1n z tenk\u00e9ho st\u0159epu, krasn\u00e9 tvary a jemn\u00e9 plastick\u00e9 zdoben\u00ed. Nen\u00e1padn\u00fd a p\u0159itom<\/p>\n","protected":false},"featured_media":21554,"template":"","meta":[],"product_brand":[153],"product_cat":[76,111],"product_tag":[],"class_list":{"0":"post-21553","1":"product","2":"type-product","3":"status-publish","4":"has-post-thumbnail","6":"product_brand-eterle-cz","7":"product_cat-porcelan","8":"product_cat-porcelanove-sady","10":"first","11":"instock","12":"sale","13":"purchasable","14":"product-type-simple"},"_links":{"self":[{"href":"https:\/\/eterle.cz\/eshop\/wp-json\/wp\/v2\/product\/21553","targetHints":{"allow":["GET"]}}],"collection":[{"href":"https:\/\/eterle.cz\/eshop\/wp-json\/wp\/v2\/product"}],"about":[{"href":"https:\/\/eterle.cz\/eshop\/wp-json\/wp\/v2\/types\/product"}],"version-history":[{"count":1,"href":"https:\/\/eterle.cz\/eshop\/wp-json\/wp\/v2\/product\/21553\/revisions"}],"predecessor-version":[{"id":26437,"href":"https:\/\/eterle.cz\/eshop\/wp-json\/wp\/v2\/product\/21553\/revisions\/26437"}],"wp:featuredmedia":[{"embeddable":true,"href":"https:\/\/eterle.cz\/eshop\/wp-json\/wp\/v2\/media\/21554"}],"wp:attachment":[{"href":"https:\/\/eterle.cz\/eshop\/wp-json\/wp\/v2\/media?parent=21553"}],"wp:term":[{"taxonomy":"product_brand","embeddable":true,"href":"https:\/\/eterle.cz\/eshop\/wp-json\/wp\/v2\/product_brand?post=21553"},{"taxonomy":"product_cat","embeddable":true,"href":"https:\/\/eterle.cz\/eshop\/wp-json\/wp\/v2\/product_cat?post=21553"},{"taxonomy":"product_tag","embeddable":true,"href":"https:\/\/eterle.cz\/eshop\/wp-json\/wp\/v2\/product_tag?post=21553"}],"curies":[{"name":"wp","href":"https:\/\/api.w.org\/{rel}","templated":true}]}}