{"id":21560,"date":"2024-10-25T01:28:05","date_gmt":"2024-10-24T23:28:05","guid":{"rendered":"https:\/\/eterle.cz\/eshop\/produkt\/kavova-sada-pro-4-rosenthal\/"},"modified":"2025-02-16T02:45:00","modified_gmt":"2025-02-16T01:45:00","slug":"kavova-sada-pro-4-rosenthal","status":"publish","type":"product","link":"https:\/\/eterle.cz\/eshop\/produkt\/kavova-sada-pro-4-rosenthal\/","title":{"rendered":"K\u00e1vov\u00e1 sada pro 4 \/ Rosenthal"},"content":{"rendered":"<p>K\u00e1vov\u00e1 sada od n\u011bmeck\u00e9 zna\u010dky Rosenthal dle n\u00e1vrhu z konce 60. let minul\u00e9ho stolet\u00ed od finsk\u00e9ho designer\u00e1 Tapio Wirkkala, kter\u00fd byl p\u0159edn\u00ed postavou nov\u00e9ho u\u017eit\u00e9ho um\u011bn\u00ed a z\u00edskal za sv\u00e9 d\u00edlo mnoho ocen\u011bn\u00ed. Nebyl mu ciz\u00ed \u017e\u00e1dn\u00fd materi\u00e1l (d\u0159evo, sklo, porcel\u00e1n i plast). Mezi jeho nejzn\u00e1m\u011bj\u0161\u00ed n\u00e1vrhy pat\u0159\u00ed asi lahev pro vodku Finlandia, markov\u00e9 bankovky z roku 1955 pro finskou banku a porcel\u00e1nov\u00e9 n\u00e1dob\u00ed pro Rosenthal.<\/p>\n<p>Sada obsahuje: 4x \u0161ap\u00f3, 4x dezertn\u00ed tal\u00ed\u0159ek, ml\u00e9kovku, cuk\u0159enku, konvici na k\u00e1vu<\/p>\n<p>Stav: velmi dobr\u00fd<br \/>\nZna\u010dka: Rosenthal<br \/>\nRozm\u011br<br \/>\nObjem hrne\u010dku: 200 ml<br \/>\nObjem konvice: 1,6 l<br \/>\nObjem ml\u00e9kovky: 200 ml<br \/>\nPr\u016fm\u011br pod\u0161\u00e1lku: 13 cm<br \/>\nPr\u016fm\u011br tal\u00ed\u0159ku: 19,5 cm<br \/>\nV\u00fd\u0161ka cuk\u0159enky: 6 cm<\/p>\n","protected":false},"excerpt":{"rendered":"<p>K\u00e1vov\u00e1 sada od n\u011bmeck\u00e9 zna\u010dky Rosenthal dle n\u00e1vrhu z konce 60. let minul\u00e9ho stolet\u00ed od finsk\u00e9ho designer\u00e1 Tapio Wirkkala, kter\u00fd<\/p>\n","protected":false},"featured_media":21561,"template":"","meta":[],"product_brand":[153],"product_cat":[91],"product_tag":[],"class_list":{"0":"post-21560","1":"product","2":"type-product","3":"status-publish","4":"has-post-thumbnail","6":"product_brand-eterle-cz","7":"product_cat-prodane","9":"first","10":"outofstock","11":"purchasable","12":"product-type-simple"},"_links":{"self":[{"href":"https:\/\/eterle.cz\/eshop\/wp-json\/wp\/v2\/product\/21560","targetHints":{"allow":["GET"]}}],"collection":[{"href":"https:\/\/eterle.cz\/eshop\/wp-json\/wp\/v2\/product"}],"about":[{"href":"https:\/\/eterle.cz\/eshop\/wp-json\/wp\/v2\/types\/product"}],"version-history":[{"count":0,"href":"https:\/\/eterle.cz\/eshop\/wp-json\/wp\/v2\/product\/21560\/revisions"}],"wp:featuredmedia":[{"embeddable":true,"href":"https:\/\/eterle.cz\/eshop\/wp-json\/wp\/v2\/media\/21561"}],"wp:attachment":[{"href":"https:\/\/eterle.cz\/eshop\/wp-json\/wp\/v2\/media?parent=21560"}],"wp:term":[{"taxonomy":"product_brand","embeddable":true,"href":"https:\/\/eterle.cz\/eshop\/wp-json\/wp\/v2\/product_brand?post=21560"},{"taxonomy":"product_cat","embeddable":true,"href":"https:\/\/eterle.cz\/eshop\/wp-json\/wp\/v2\/product_cat?post=21560"},{"taxonomy":"product_tag","embeddable":true,"href":"https:\/\/eterle.cz\/eshop\/wp-json\/wp\/v2\/product_tag?post=21560"}],"curies":[{"name":"wp","href":"https:\/\/api.w.org\/{rel}","templated":true}]}}