{"id":21578,"date":"2024-10-25T01:28:39","date_gmt":"2024-10-24T23:28:39","guid":{"rendered":"https:\/\/eterle.cz\/eshop\/produkt\/misa-rosenthal-2\/"},"modified":"2026-01-01T19:20:12","modified_gmt":"2026-01-01T18:20:12","slug":"misa-rosenthal-2","status":"publish","type":"product","link":"https:\/\/eterle.cz\/eshop\/produkt\/misa-rosenthal-2\/","title":{"rendered":"M\u00edsa \/ Rosenthal"},"content":{"rendered":"<p>Serv\u00edrovac\u00ed m\u00edsa od n\u011bmeck\u00e9 zna\u010dky Rosenthal z \u0159ady Sanssouci je pojmenov\u00e1na podle stejnojmen\u00e9ho z\u00e1mku v Postupimi, co\u017e bylo s\u00eddlo Fridricha Velik\u00e9ho. Dekor porcel\u00e1nu Sanssouci je stejn\u011b star\u00fd jako stejnojmenn\u00fd z\u00e1mek. Porcel\u00e1n je v odst\u00ednu slonov\u00e9 kosti a reli\u00e9f porcel\u00e1nu je inspirov\u00e1n jemnou strukturou \u0161tukov\u00e9ho stropu ve Velk\u00e9m s\u00e1le na z\u00e1mku Sanssouci.<\/p>\n<p>Stav: v\u00fdborn\u00fd<br \/>\nZna\u010dka: Rosenthal<br \/>\nRozm\u011br: 24 x 39 cm<\/p>\n","protected":false},"excerpt":{"rendered":"<p>Serv\u00edrovac\u00ed m\u00edsa od n\u011bmeck\u00e9 zna\u010dky Rosenthal z \u0159ady Sanssouci je pojmenov\u00e1na podle stejnojmen\u00e9ho z\u00e1mku v Postupimi, co\u017e bylo s\u00eddlo Fridricha<\/p>\n","protected":false},"featured_media":21579,"template":"","meta":[],"product_brand":[153],"product_cat":[76,110,101],"product_tag":[],"class_list":{"0":"post-21578","1":"product","2":"type-product","3":"status-publish","4":"has-post-thumbnail","6":"product_brand-eterle-cz","7":"product_cat-porcelan","8":"product_cat-misy","9":"product_cat-rosenthal","11":"first","12":"instock","13":"purchasable","14":"product-type-simple"},"_links":{"self":[{"href":"https:\/\/eterle.cz\/eshop\/wp-json\/wp\/v2\/product\/21578","targetHints":{"allow":["GET"]}}],"collection":[{"href":"https:\/\/eterle.cz\/eshop\/wp-json\/wp\/v2\/product"}],"about":[{"href":"https:\/\/eterle.cz\/eshop\/wp-json\/wp\/v2\/types\/product"}],"version-history":[{"count":1,"href":"https:\/\/eterle.cz\/eshop\/wp-json\/wp\/v2\/product\/21578\/revisions"}],"predecessor-version":[{"id":26435,"href":"https:\/\/eterle.cz\/eshop\/wp-json\/wp\/v2\/product\/21578\/revisions\/26435"}],"wp:featuredmedia":[{"embeddable":true,"href":"https:\/\/eterle.cz\/eshop\/wp-json\/wp\/v2\/media\/21579"}],"wp:attachment":[{"href":"https:\/\/eterle.cz\/eshop\/wp-json\/wp\/v2\/media?parent=21578"}],"wp:term":[{"taxonomy":"product_brand","embeddable":true,"href":"https:\/\/eterle.cz\/eshop\/wp-json\/wp\/v2\/product_brand?post=21578"},{"taxonomy":"product_cat","embeddable":true,"href":"https:\/\/eterle.cz\/eshop\/wp-json\/wp\/v2\/product_cat?post=21578"},{"taxonomy":"product_tag","embeddable":true,"href":"https:\/\/eterle.cz\/eshop\/wp-json\/wp\/v2\/product_tag?post=21578"}],"curies":[{"name":"wp","href":"https:\/\/api.w.org\/{rel}","templated":true}]}}