{"id":21597,"date":"2024-10-25T01:29:11","date_gmt":"2024-10-24T23:29:11","guid":{"rendered":"https:\/\/eterle.cz\/eshop\/produkt\/cajova-sada-pro-4-arzberg\/"},"modified":"2025-06-24T01:55:24","modified_gmt":"2025-06-23T23:55:24","slug":"cajova-sada-pro-4-arzberg","status":"publish","type":"product","link":"https:\/\/eterle.cz\/eshop\/produkt\/cajova-sada-pro-4-arzberg\/","title":{"rendered":"\u010cajov\u00e1 sada pro 4 \/ Arzberg"},"content":{"rendered":"<p>\u010cajov\u00e1 sada od n\u011bmeck\u00e9 porcel\u00e1nky Arzberg, kter\u00e1 od roku 2013 spad\u00e1 pod zna\u010dku Rosenthal. Sada je zdobena decentn\u00edm vzorem stylizovan\u00fdh kyti\u010dek v \u0161ed\u00e9 barv\u011b. Nav\u00edc je porcel\u00e1n dopln\u011bnn i plastyck\u00fdm vzorem patrn\u00fdm sp\u00ed\u0161e po hamtu ne\u017e pouh\u00fdm okem.<\/p>\n<p>Sada obsahuje: 4x \u0161ap\u00f3, 4x dezertn\u00ed tal\u00ed\u0159ek, ml\u00e9kovku, cuk\u0159enku, konvici na \u010daj, t\u00e1cek na su\u0161enky<\/p>\n<p>Stav: v\u00fdborn\u00fd<br \/>\nZna\u010dka: Arzberg<br \/>\nRozm\u011br<br \/>\nObjem hrne\u010dku: 180 ml<br \/>\nObjem konvice: 1,3 l<br \/>\nObjem ml\u00e9kovky: 180 ml<br \/>\nPr\u016fm\u011br pod\u0161\u00e1lku: 14 cm<br \/>\nPr\u016fm\u011br tal\u00ed\u0159ku: 20 cm<br \/>\nRozm\u011br t\u00e1cku: 22 x 14,5 cm<br \/>\nV\u00fd\u0161ka cuk\u0159enky: 10 cm<\/p>\n","protected":false},"excerpt":{"rendered":"<p>\u010cajov\u00e1 sada od n\u011bmeck\u00e9 porcel\u00e1nky Arzberg, kter\u00e1 od roku 2013 spad\u00e1 pod zna\u010dku Rosenthal. Sada je zdobena decentn\u00edm vzorem stylizovan\u00fdh<\/p>\n","protected":false},"featured_media":21598,"template":"","meta":[],"product_brand":[153],"product_cat":[76,111],"product_tag":[],"class_list":{"0":"post-21597","1":"product","2":"type-product","3":"status-publish","4":"has-post-thumbnail","6":"product_brand-eterle-cz","7":"product_cat-porcelan","8":"product_cat-porcelanove-sady","10":"first","11":"instock","12":"sale","13":"purchasable","14":"product-type-simple"},"_links":{"self":[{"href":"https:\/\/eterle.cz\/eshop\/wp-json\/wp\/v2\/product\/21597","targetHints":{"allow":["GET"]}}],"collection":[{"href":"https:\/\/eterle.cz\/eshop\/wp-json\/wp\/v2\/product"}],"about":[{"href":"https:\/\/eterle.cz\/eshop\/wp-json\/wp\/v2\/types\/product"}],"version-history":[{"count":1,"href":"https:\/\/eterle.cz\/eshop\/wp-json\/wp\/v2\/product\/21597\/revisions"}],"predecessor-version":[{"id":26433,"href":"https:\/\/eterle.cz\/eshop\/wp-json\/wp\/v2\/product\/21597\/revisions\/26433"}],"wp:featuredmedia":[{"embeddable":true,"href":"https:\/\/eterle.cz\/eshop\/wp-json\/wp\/v2\/media\/21598"}],"wp:attachment":[{"href":"https:\/\/eterle.cz\/eshop\/wp-json\/wp\/v2\/media?parent=21597"}],"wp:term":[{"taxonomy":"product_brand","embeddable":true,"href":"https:\/\/eterle.cz\/eshop\/wp-json\/wp\/v2\/product_brand?post=21597"},{"taxonomy":"product_cat","embeddable":true,"href":"https:\/\/eterle.cz\/eshop\/wp-json\/wp\/v2\/product_cat?post=21597"},{"taxonomy":"product_tag","embeddable":true,"href":"https:\/\/eterle.cz\/eshop\/wp-json\/wp\/v2\/product_tag?post=21597"}],"curies":[{"name":"wp","href":"https:\/\/api.w.org\/{rel}","templated":true}]}}