{"id":21614,"date":"2024-10-25T01:29:42","date_gmt":"2024-10-24T23:29:42","guid":{"rendered":"https:\/\/eterle.cz\/eshop\/produkt\/sada-mis-kahla\/"},"modified":"2026-01-01T19:20:12","modified_gmt":"2026-01-01T18:20:12","slug":"sada-mis-kahla","status":"publish","type":"product","link":"https:\/\/eterle.cz\/eshop\/produkt\/sada-mis-kahla\/","title":{"rendered":"Sada m\u00eds \/ Kahla"},"content":{"rendered":"<p>Sada m\u00eds na serv\u00edrov\u00e1n\u00ed t\u0159eba ned\u011bln\u00edch \u0159\u00edzk\u016f s bramborov\u00fdm sal\u00e1tem nebo na v\u00e1no\u010dn\u00ed cukrov\u00ed a \u010derstv\u00e9 ovoce. Porcel\u00e1n je zdoben zlat\u00fdm dekorem po okraji.<\/p>\n<p>Stav: dobr\u00fd, m\u00edsty nepatrn\u011b naru\u0161en zlat\u00fd lem<br \/>\nZna\u010dka: Kahla<br \/>\nRozm\u011br<br \/>\nPr\u016fm\u011br hlubok\u00e9 m\u00edsy: 25 cm<br \/>\nV\u00fd\u0161ka hlubok\u00e9 m\u00edsy: 10 cm<br \/>\nOv\u00e1ln\u00e9 m\u00edsy: 32 x 19,5 cm<\/p>\n","protected":false},"excerpt":{"rendered":"<p>Sada m\u00eds na serv\u00edrov\u00e1n\u00ed t\u0159eba ned\u011bln\u00edch \u0159\u00edzk\u016f s bramborov\u00fdm sal\u00e1tem nebo na v\u00e1no\u010dn\u00ed cukrov\u00ed a \u010derstv\u00e9 ovoce. Porcel\u00e1n je zdoben<\/p>\n","protected":false},"featured_media":21615,"template":"","meta":[],"product_brand":[153],"product_cat":[76,110],"product_tag":[],"class_list":{"0":"post-21614","1":"product","2":"type-product","3":"status-publish","4":"has-post-thumbnail","6":"product_brand-eterle-cz","7":"product_cat-porcelan","8":"product_cat-misy","10":"first","11":"instock","12":"purchasable","13":"product-type-simple"},"_links":{"self":[{"href":"https:\/\/eterle.cz\/eshop\/wp-json\/wp\/v2\/product\/21614","targetHints":{"allow":["GET"]}}],"collection":[{"href":"https:\/\/eterle.cz\/eshop\/wp-json\/wp\/v2\/product"}],"about":[{"href":"https:\/\/eterle.cz\/eshop\/wp-json\/wp\/v2\/types\/product"}],"version-history":[{"count":1,"href":"https:\/\/eterle.cz\/eshop\/wp-json\/wp\/v2\/product\/21614\/revisions"}],"predecessor-version":[{"id":26431,"href":"https:\/\/eterle.cz\/eshop\/wp-json\/wp\/v2\/product\/21614\/revisions\/26431"}],"wp:featuredmedia":[{"embeddable":true,"href":"https:\/\/eterle.cz\/eshop\/wp-json\/wp\/v2\/media\/21615"}],"wp:attachment":[{"href":"https:\/\/eterle.cz\/eshop\/wp-json\/wp\/v2\/media?parent=21614"}],"wp:term":[{"taxonomy":"product_brand","embeddable":true,"href":"https:\/\/eterle.cz\/eshop\/wp-json\/wp\/v2\/product_brand?post=21614"},{"taxonomy":"product_cat","embeddable":true,"href":"https:\/\/eterle.cz\/eshop\/wp-json\/wp\/v2\/product_cat?post=21614"},{"taxonomy":"product_tag","embeddable":true,"href":"https:\/\/eterle.cz\/eshop\/wp-json\/wp\/v2\/product_tag?post=21614"}],"curies":[{"name":"wp","href":"https:\/\/api.w.org\/{rel}","templated":true}]}}