{"id":21621,"date":"2024-10-25T01:29:53","date_gmt":"2024-10-24T23:29:53","guid":{"rendered":"https:\/\/eterle.cz\/eshop\/produkt\/jidelni-sada-pro-4-kahla\/"},"modified":"2025-06-24T01:55:24","modified_gmt":"2025-06-23T23:55:24","slug":"jidelni-sada-pro-4-kahla","status":"publish","type":"product","link":"https:\/\/eterle.cz\/eshop\/produkt\/jidelni-sada-pro-4-kahla\/","title":{"rendered":"J\u00eddeln\u00ed sada pro 4 \/ Kahla"},"content":{"rendered":"<p>J\u00eddeln\u00ed sada pro 4 osoby jednoduch\u00e9ho a praktick\u00e9ho tvaru. Zdobena je zlat\u00fdm pruhem s decent\u00edm geometrick\u00fdm vzorem, kter\u00fd ji posouv\u00e1 do kategorie elegance. <\/p>\n<p>Sada obsahuje: 4x m\u011blk\u00fd tal\u00ed\u0159, 4x hlubok\u00fd tal\u00ed\u0159, om\u00e1\u010dn\u00edk, m\u00edsu na sal\u00e1, ov\u00e1ln\u00e1 m\u00edsa<\/p>\n<p>Stav: dobr\u00fd, u n\u011bkter\u00fdch kus\u016f m\u00edrn\u011b naru\u0161en zlat\u00fd lem<br \/>\nZna\u010dka: Kahla<br \/>\nRozm\u011br<br \/>\nPr\u016fm\u011br m\u011blk\u00e9ho tal\u00ed\u0159e: 23,5 cm<br \/>\nPr\u016fm\u011br hlubok\u00e9ho tal\u00ed\u0159e: 23,5 cm<br \/>\nSal\u00e1tov\u00e1 m\u00edsa: pr\u016fm\u011br 25 cm, v\u00fd\u0161ka 10 cm<br \/>\nOv\u00e1ln\u00e9 m\u00edsy: 32 x 19,5 cm<br \/>\nObjem om\u00e1\u010dn\u00edku: 400 ml<\/p>\n","protected":false},"excerpt":{"rendered":"<p>J\u00eddeln\u00ed sada pro 4 osoby jednoduch\u00e9ho a praktick\u00e9ho tvaru. Zdobena je zlat\u00fdm pruhem s decent\u00edm geometrick\u00fdm vzorem, kter\u00fd ji posouv\u00e1<\/p>\n","protected":false},"featured_media":21622,"template":"","meta":[],"product_brand":[153],"product_cat":[76,111],"product_tag":[],"class_list":{"0":"post-21621","1":"product","2":"type-product","3":"status-publish","4":"has-post-thumbnail","6":"product_brand-eterle-cz","7":"product_cat-porcelan","8":"product_cat-porcelanove-sady","10":"first","11":"instock","12":"purchasable","13":"product-type-simple"},"_links":{"self":[{"href":"https:\/\/eterle.cz\/eshop\/wp-json\/wp\/v2\/product\/21621","targetHints":{"allow":["GET"]}}],"collection":[{"href":"https:\/\/eterle.cz\/eshop\/wp-json\/wp\/v2\/product"}],"about":[{"href":"https:\/\/eterle.cz\/eshop\/wp-json\/wp\/v2\/types\/product"}],"version-history":[{"count":1,"href":"https:\/\/eterle.cz\/eshop\/wp-json\/wp\/v2\/product\/21621\/revisions"}],"predecessor-version":[{"id":26430,"href":"https:\/\/eterle.cz\/eshop\/wp-json\/wp\/v2\/product\/21621\/revisions\/26430"}],"wp:featuredmedia":[{"embeddable":true,"href":"https:\/\/eterle.cz\/eshop\/wp-json\/wp\/v2\/media\/21622"}],"wp:attachment":[{"href":"https:\/\/eterle.cz\/eshop\/wp-json\/wp\/v2\/media?parent=21621"}],"wp:term":[{"taxonomy":"product_brand","embeddable":true,"href":"https:\/\/eterle.cz\/eshop\/wp-json\/wp\/v2\/product_brand?post=21621"},{"taxonomy":"product_cat","embeddable":true,"href":"https:\/\/eterle.cz\/eshop\/wp-json\/wp\/v2\/product_cat?post=21621"},{"taxonomy":"product_tag","embeddable":true,"href":"https:\/\/eterle.cz\/eshop\/wp-json\/wp\/v2\/product_tag?post=21621"}],"curies":[{"name":"wp","href":"https:\/\/api.w.org\/{rel}","templated":true}]}}