{"id":21648,"date":"2024-10-25T01:30:42","date_gmt":"2024-10-24T23:30:42","guid":{"rendered":"https:\/\/eterle.cz\/eshop\/produkt\/sapo-rosenthal-5\/"},"modified":"2025-11-18T23:08:22","modified_gmt":"2025-11-18T22:08:22","slug":"sapo-rosenthal-5","status":"publish","type":"product","link":"https:\/\/eterle.cz\/eshop\/produkt\/sapo-rosenthal-5\/","title":{"rendered":"\u0160ap\u00f3 \/ Rosenthal"},"content":{"rendered":"<p>Hrne\u010dek na espresso od n\u011bmeck\u00e9 zna\u010dky Rosenthal ze s\u00e9rie Cupola \u010d. 24 od n\u00e1vrh\u00e1\u0159ky Ch. H\u00e4usler Goltz pat\u0159\u00ed do sb\u011bratelsk\u00e9 s\u00e9rie.<\/p>\n<p>Stav: velmi dobr\u00e1<br \/>\nZna\u010dka: Rosenthal<br \/>\nRozm\u011br<br \/>\nObjem hrne\u010dku: 80 ml<br \/>\nPr\u016fm\u011br tal\u00ed\u0159ku: 10 cm<\/p>\n","protected":false},"excerpt":{"rendered":"<p>Hrne\u010dek na espresso od n\u011bmeck\u00e9 zna\u010dky Rosenthal ze s\u00e9rie Cupola \u010d. 24 od n\u00e1vrh\u00e1\u0159ky Ch. H\u00e4usler Goltz pat\u0159\u00ed do sb\u011bratelsk\u00e9<\/p>\n","protected":false},"featured_media":21649,"template":"","meta":[],"product_brand":[153],"product_cat":[91],"product_tag":[],"class_list":{"0":"post-21648","1":"product","2":"type-product","3":"status-publish","4":"has-post-thumbnail","6":"product_brand-eterle-cz","7":"product_cat-prodane","9":"first","10":"outofstock","11":"purchasable","12":"product-type-simple"},"_links":{"self":[{"href":"https:\/\/eterle.cz\/eshop\/wp-json\/wp\/v2\/product\/21648","targetHints":{"allow":["GET"]}}],"collection":[{"href":"https:\/\/eterle.cz\/eshop\/wp-json\/wp\/v2\/product"}],"about":[{"href":"https:\/\/eterle.cz\/eshop\/wp-json\/wp\/v2\/types\/product"}],"version-history":[{"count":1,"href":"https:\/\/eterle.cz\/eshop\/wp-json\/wp\/v2\/product\/21648\/revisions"}],"predecessor-version":[{"id":26427,"href":"https:\/\/eterle.cz\/eshop\/wp-json\/wp\/v2\/product\/21648\/revisions\/26427"}],"wp:featuredmedia":[{"embeddable":true,"href":"https:\/\/eterle.cz\/eshop\/wp-json\/wp\/v2\/media\/21649"}],"wp:attachment":[{"href":"https:\/\/eterle.cz\/eshop\/wp-json\/wp\/v2\/media?parent=21648"}],"wp:term":[{"taxonomy":"product_brand","embeddable":true,"href":"https:\/\/eterle.cz\/eshop\/wp-json\/wp\/v2\/product_brand?post=21648"},{"taxonomy":"product_cat","embeddable":true,"href":"https:\/\/eterle.cz\/eshop\/wp-json\/wp\/v2\/product_cat?post=21648"},{"taxonomy":"product_tag","embeddable":true,"href":"https:\/\/eterle.cz\/eshop\/wp-json\/wp\/v2\/product_tag?post=21648"}],"curies":[{"name":"wp","href":"https:\/\/api.w.org\/{rel}","templated":true}]}}