{"id":21686,"date":"2024-10-25T01:31:50","date_gmt":"2024-10-24T23:31:50","guid":{"rendered":"https:\/\/eterle.cz\/eshop\/produkt\/talirek-wedgwood-3\/"},"modified":"2026-01-27T23:02:27","modified_gmt":"2026-01-27T22:02:27","slug":"talirek-wedgwood-3","status":"publish","type":"product","link":"https:\/\/eterle.cz\/eshop\/produkt\/talirek-wedgwood-3\/","title":{"rendered":"Tal\u00ed\u0159ek \/Wedgwood"},"content":{"rendered":"<p>Tal\u00ed\u0159ek od anglick\u00e9 porcel\u00e1nky Wedgwood z \u0159ady Jasperware Demitasse, z roku 1980. Tento sb\u011bratelsk\u00fd kousek s povrchem ve sv\u011btle modr\u00e9 barv\u011b v proveden\u00ed biscuit obsahuje n\u011bkolik reli\u00e9fn\u00edch dekor\u016f odkazuj\u00edc\u00edch na \u0159eckou mytologii.<\/p>\n<p>Stav: nov\u00fd<br \/>\nZna\u010dka: Wedgwood<br \/>\nRozm\u011br<br \/>\nPr\u016fm\u011br tal\u00ed\u0159ku: 22,5 cm<\/p>\n","protected":false},"excerpt":{"rendered":"<p>Tal\u00ed\u0159ek od anglick\u00e9 porcel\u00e1nky Wedgwood z \u0159ady Jasperware Demitasse, z roku 1980. Tento sb\u011bratelsk\u00fd kousek s povrchem ve sv\u011btle modr\u00e9<\/p>\n","protected":false},"featured_media":21687,"template":"","meta":[],"product_brand":[153],"product_cat":[91],"product_tag":[],"class_list":{"0":"post-21686","1":"product","2":"type-product","3":"status-publish","4":"has-post-thumbnail","6":"product_brand-eterle-cz","7":"product_cat-prodane","9":"first","10":"outofstock","11":"purchasable","12":"product-type-simple"},"_links":{"self":[{"href":"https:\/\/eterle.cz\/eshop\/wp-json\/wp\/v2\/product\/21686","targetHints":{"allow":["GET"]}}],"collection":[{"href":"https:\/\/eterle.cz\/eshop\/wp-json\/wp\/v2\/product"}],"about":[{"href":"https:\/\/eterle.cz\/eshop\/wp-json\/wp\/v2\/types\/product"}],"version-history":[{"count":1,"href":"https:\/\/eterle.cz\/eshop\/wp-json\/wp\/v2\/product\/21686\/revisions"}],"predecessor-version":[{"id":26611,"href":"https:\/\/eterle.cz\/eshop\/wp-json\/wp\/v2\/product\/21686\/revisions\/26611"}],"wp:featuredmedia":[{"embeddable":true,"href":"https:\/\/eterle.cz\/eshop\/wp-json\/wp\/v2\/media\/21687"}],"wp:attachment":[{"href":"https:\/\/eterle.cz\/eshop\/wp-json\/wp\/v2\/media?parent=21686"}],"wp:term":[{"taxonomy":"product_brand","embeddable":true,"href":"https:\/\/eterle.cz\/eshop\/wp-json\/wp\/v2\/product_brand?post=21686"},{"taxonomy":"product_cat","embeddable":true,"href":"https:\/\/eterle.cz\/eshop\/wp-json\/wp\/v2\/product_cat?post=21686"},{"taxonomy":"product_tag","embeddable":true,"href":"https:\/\/eterle.cz\/eshop\/wp-json\/wp\/v2\/product_tag?post=21686"}],"curies":[{"name":"wp","href":"https:\/\/api.w.org\/{rel}","templated":true}]}}