{"id":21704,"date":"2024-10-25T01:32:24","date_gmt":"2024-10-24T23:32:24","guid":{"rendered":"https:\/\/eterle.cz\/eshop\/produkt\/svicen-thomas\/"},"modified":"2026-01-01T19:20:12","modified_gmt":"2026-01-01T18:20:12","slug":"svicen-thomas","status":"publish","type":"product","link":"https:\/\/eterle.cz\/eshop\/produkt\/svicen-thomas\/","title":{"rendered":"Sv\u00edcen \/ Thomas"},"content":{"rendered":"<p>Minimalistick\u00fd porcel\u00e1nov\u00fd sv\u00edcen od od n\u011bmeck\u00e9 porcel\u00e1nky Thomas. Tato zna\u010dka vznikla v roce 1903 a spad\u00e1 pod skupinu Rosenthal. U\u017e od 50. let minul\u00e9ho stolet\u00ed se Thomas zam\u011b\u0159uje p\u0159edev\u0161\u00edm na jednoduch\u00fd stylov\u00fd porcel\u00e1n pro mlad\u00e9. Jeho v\u00fdrobky pat\u0159\u00ed mezi nejprod\u00e1van\u011bj\u0161\u00ed porcel\u00e1nov\u00e9 \u0159ady na sv\u011bt\u011b. Za sv\u016fj design ji\u017e nav\u00edc z\u00edskal v\u00edce jak 50 mezin\u00e1rodn\u011b uzn\u00e1van\u00fdch ocen\u011bn\u00ed.<\/p>\n<p>Stav: perfektn\u00ed<br \/>\nZna\u010dka: Thomas<br \/>\nRozm\u011br<br \/>\nV\u00fd\u0161ka: 8 cm<br \/>\n\u0160\u00ed\u0159ka: 6,5 cm<br \/>\nHloubka: 3 cm<br \/>\nPr\u016fm\u011br na sv\u00ed\u010dku: necel\u00e9 2 cm<\/p>\n","protected":false},"excerpt":{"rendered":"<p>Minimalistick\u00fd porcel\u00e1nov\u00fd sv\u00edcen od od n\u011bmeck\u00e9 porcel\u00e1nky Thomas. Tato zna\u010dka vznikla v roce 1903 a spad\u00e1 pod skupinu Rosenthal. U\u017e<\/p>\n","protected":false},"featured_media":21705,"template":"","meta":[],"product_brand":[153],"product_cat":[80,135],"product_tag":[],"class_list":{"0":"post-21704","1":"product","2":"type-product","3":"status-publish","4":"has-post-thumbnail","6":"product_brand-eterle-cz","7":"product_cat-dekorace","8":"product_cat-svicny","10":"first","11":"instock","12":"purchasable","13":"product-type-simple"},"_links":{"self":[{"href":"https:\/\/eterle.cz\/eshop\/wp-json\/wp\/v2\/product\/21704","targetHints":{"allow":["GET"]}}],"collection":[{"href":"https:\/\/eterle.cz\/eshop\/wp-json\/wp\/v2\/product"}],"about":[{"href":"https:\/\/eterle.cz\/eshop\/wp-json\/wp\/v2\/types\/product"}],"version-history":[{"count":1,"href":"https:\/\/eterle.cz\/eshop\/wp-json\/wp\/v2\/product\/21704\/revisions"}],"predecessor-version":[{"id":26608,"href":"https:\/\/eterle.cz\/eshop\/wp-json\/wp\/v2\/product\/21704\/revisions\/26608"}],"wp:featuredmedia":[{"embeddable":true,"href":"https:\/\/eterle.cz\/eshop\/wp-json\/wp\/v2\/media\/21705"}],"wp:attachment":[{"href":"https:\/\/eterle.cz\/eshop\/wp-json\/wp\/v2\/media?parent=21704"}],"wp:term":[{"taxonomy":"product_brand","embeddable":true,"href":"https:\/\/eterle.cz\/eshop\/wp-json\/wp\/v2\/product_brand?post=21704"},{"taxonomy":"product_cat","embeddable":true,"href":"https:\/\/eterle.cz\/eshop\/wp-json\/wp\/v2\/product_cat?post=21704"},{"taxonomy":"product_tag","embeddable":true,"href":"https:\/\/eterle.cz\/eshop\/wp-json\/wp\/v2\/product_tag?post=21704"}],"curies":[{"name":"wp","href":"https:\/\/api.w.org\/{rel}","templated":true}]}}