{"id":21774,"date":"2024-10-25T01:34:34","date_gmt":"2024-10-24T23:34:34","guid":{"rendered":"https:\/\/eterle.cz\/eshop\/produkt\/andel-posilajici-pusu-stredni\/"},"modified":"2026-02-01T00:22:33","modified_gmt":"2026-01-31T23:22:33","slug":"andel-posilajici-pusu-stredni","status":"publish","type":"product","link":"https:\/\/eterle.cz\/eshop\/produkt\/andel-posilajici-pusu-stredni\/","title":{"rendered":"And\u011bl pos\u00edlaj\u00edc\u00ed pusu (st\u0159edn\u00ed)"},"content":{"rendered":"<p>Kr\u00e1sn\u00fd, elegantn\u00ed, porcel\u00e1nov\u00fd and\u011bl Classic od zna\u010dky Rosenthal v proveden\u00ed bisquit bude milou v\u00e1no\u010dn\u00ed dekorac\u00ed. And\u011bl je nav\u00edc pova\u017eov\u00e1n za symbol ochrany a \u0161t\u011bst\u00ed.<\/p>\n<p>Stav: velmi dobr\u00fd<br \/>\nZna\u010dka: Rosenthal<br \/>\nRozm\u011br<br \/>\nV\u00fd\u0161ka: 10 cm<br \/>\n\u0160\u00ed\u0159ka: 10 cm<\/p>\n","protected":false},"excerpt":{"rendered":"<p>Kr\u00e1sn\u00fd, elegantn\u00ed, porcel\u00e1nov\u00fd and\u011bl Classic od zna\u010dky Rosenthal v proveden\u00ed bisquit bude milou v\u00e1no\u010dn\u00ed dekorac\u00ed. And\u011bl je nav\u00edc pova\u017eov\u00e1n za<\/p>\n","protected":false},"featured_media":21775,"template":"","meta":[],"product_brand":[153],"product_cat":[91],"product_tag":[],"class_list":{"0":"post-21774","1":"product","2":"type-product","3":"status-publish","4":"has-post-thumbnail","6":"product_brand-eterle-cz","7":"product_cat-prodane","9":"first","10":"outofstock","11":"purchasable","12":"product-type-simple"},"_links":{"self":[{"href":"https:\/\/eterle.cz\/eshop\/wp-json\/wp\/v2\/product\/21774","targetHints":{"allow":["GET"]}}],"collection":[{"href":"https:\/\/eterle.cz\/eshop\/wp-json\/wp\/v2\/product"}],"about":[{"href":"https:\/\/eterle.cz\/eshop\/wp-json\/wp\/v2\/types\/product"}],"version-history":[{"count":1,"href":"https:\/\/eterle.cz\/eshop\/wp-json\/wp\/v2\/product\/21774\/revisions"}],"predecessor-version":[{"id":26599,"href":"https:\/\/eterle.cz\/eshop\/wp-json\/wp\/v2\/product\/21774\/revisions\/26599"}],"wp:featuredmedia":[{"embeddable":true,"href":"https:\/\/eterle.cz\/eshop\/wp-json\/wp\/v2\/media\/21775"}],"wp:attachment":[{"href":"https:\/\/eterle.cz\/eshop\/wp-json\/wp\/v2\/media?parent=21774"}],"wp:term":[{"taxonomy":"product_brand","embeddable":true,"href":"https:\/\/eterle.cz\/eshop\/wp-json\/wp\/v2\/product_brand?post=21774"},{"taxonomy":"product_cat","embeddable":true,"href":"https:\/\/eterle.cz\/eshop\/wp-json\/wp\/v2\/product_cat?post=21774"},{"taxonomy":"product_tag","embeddable":true,"href":"https:\/\/eterle.cz\/eshop\/wp-json\/wp\/v2\/product_tag?post=21774"}],"curies":[{"name":"wp","href":"https:\/\/api.w.org\/{rel}","templated":true}]}}