{"id":21779,"date":"2024-10-25T01:34:43","date_gmt":"2024-10-24T23:34:43","guid":{"rendered":"https:\/\/eterle.cz\/eshop\/produkt\/andel-na-skateboardu-stredni\/"},"modified":"2025-02-16T02:44:13","modified_gmt":"2025-02-16T01:44:13","slug":"andel-na-skateboardu-stredni","status":"publish","type":"product","link":"https:\/\/eterle.cz\/eshop\/produkt\/andel-na-skateboardu-stredni\/","title":{"rendered":"And\u011bl na skateboardu (st\u0159edn\u00ed)"},"content":{"rendered":"<p>Kr\u00e1sn\u00fd, elegantn\u00ed, porcel\u00e1nov\u00fd and\u011bl Classic od zna\u010dky Rosenthal v proveden\u00ed bisquit bude milou v\u00e1no\u010dn\u00ed dekorac\u00ed. And\u011bl je nav\u00edc pova\u017eov\u00e1n za symbol ochrany a \u0161t\u011bst\u00ed.<\/p>\n<p>Stav: velmi dobr\u00fd<br \/>\nZna\u010dka: Rosenthal<br \/>\nRozm\u011br<br \/>\nV\u00fd\u0161ka: 11 cm<br \/>\n\u0160\u00ed\u0159ka: 10 cm<\/p>\n","protected":false},"excerpt":{"rendered":"<p>Kr\u00e1sn\u00fd, elegantn\u00ed, porcel\u00e1nov\u00fd and\u011bl Classic od zna\u010dky Rosenthal v proveden\u00ed bisquit bude milou v\u00e1no\u010dn\u00ed dekorac\u00ed. And\u011bl je nav\u00edc pova\u017eov\u00e1n za<\/p>\n","protected":false},"featured_media":21780,"template":"","meta":[],"product_brand":[153],"product_cat":[91],"product_tag":[],"class_list":{"0":"post-21779","1":"product","2":"type-product","3":"status-publish","4":"has-post-thumbnail","6":"product_brand-eterle-cz","7":"product_cat-prodane","9":"first","10":"outofstock","11":"purchasable","12":"product-type-simple"},"_links":{"self":[{"href":"https:\/\/eterle.cz\/eshop\/wp-json\/wp\/v2\/product\/21779","targetHints":{"allow":["GET"]}}],"collection":[{"href":"https:\/\/eterle.cz\/eshop\/wp-json\/wp\/v2\/product"}],"about":[{"href":"https:\/\/eterle.cz\/eshop\/wp-json\/wp\/v2\/types\/product"}],"version-history":[{"count":0,"href":"https:\/\/eterle.cz\/eshop\/wp-json\/wp\/v2\/product\/21779\/revisions"}],"wp:featuredmedia":[{"embeddable":true,"href":"https:\/\/eterle.cz\/eshop\/wp-json\/wp\/v2\/media\/21780"}],"wp:attachment":[{"href":"https:\/\/eterle.cz\/eshop\/wp-json\/wp\/v2\/media?parent=21779"}],"wp:term":[{"taxonomy":"product_brand","embeddable":true,"href":"https:\/\/eterle.cz\/eshop\/wp-json\/wp\/v2\/product_brand?post=21779"},{"taxonomy":"product_cat","embeddable":true,"href":"https:\/\/eterle.cz\/eshop\/wp-json\/wp\/v2\/product_cat?post=21779"},{"taxonomy":"product_tag","embeddable":true,"href":"https:\/\/eterle.cz\/eshop\/wp-json\/wp\/v2\/product_tag?post=21779"}],"curies":[{"name":"wp","href":"https:\/\/api.w.org\/{rel}","templated":true}]}}