{"id":21799,"date":"2024-10-25T01:35:18","date_gmt":"2024-10-24T23:35:18","guid":{"rendered":"https:\/\/eterle.cz\/eshop\/produkt\/svicen-skleneny-thomas\/"},"modified":"2026-01-01T19:19:43","modified_gmt":"2026-01-01T18:19:43","slug":"svicen-skleneny-thomas","status":"publish","type":"product","link":"https:\/\/eterle.cz\/eshop\/produkt\/svicen-skleneny-thomas\/","title":{"rendered":"Sv\u00edcen sklen\u011bn\u00fd \/ Thomas"},"content":{"rendered":"<p>Sklen\u011bn\u00fd sv\u00edcen na \u010dajovou sv\u00ed\u010dku od n\u011bmeck\u00e9 porcel\u00e1nky Thomas spadaj\u00edc\u00ed do rodiny Rosenthal. Sv\u00edcen evokuje kv\u011bty zamrzl\u00e9 v ledu.<\/p>\n<p>Stav: nov\u00fd, v origin\u00e1l krabi\u010dce<br \/>\nZna\u010dka: Thomas<br \/>\nRozm\u011br<br \/>\nV\u00fd\u0161ka: 4,5 cm<br \/>\nPr\u016fm\u011br: 6 cm<\/p>\n","protected":false},"excerpt":{"rendered":"<p>Sklen\u011bn\u00fd sv\u00edcen na \u010dajovou sv\u00ed\u010dku od n\u011bmeck\u00e9 porcel\u00e1nky Thomas spadaj\u00edc\u00ed do rodiny Rosenthal. Sv\u00edcen evokuje kv\u011bty zamrzl\u00e9 v ledu. Stav:<\/p>\n","protected":false},"featured_media":21800,"template":"","meta":[],"product_brand":[153],"product_cat":[80,135],"product_tag":[],"class_list":{"0":"post-21799","1":"product","2":"type-product","3":"status-publish","4":"has-post-thumbnail","6":"product_brand-eterle-cz","7":"product_cat-dekorace","8":"product_cat-svicny","10":"first","11":"instock","12":"purchasable","13":"product-type-simple"},"_links":{"self":[{"href":"https:\/\/eterle.cz\/eshop\/wp-json\/wp\/v2\/product\/21799","targetHints":{"allow":["GET"]}}],"collection":[{"href":"https:\/\/eterle.cz\/eshop\/wp-json\/wp\/v2\/product"}],"about":[{"href":"https:\/\/eterle.cz\/eshop\/wp-json\/wp\/v2\/types\/product"}],"version-history":[{"count":1,"href":"https:\/\/eterle.cz\/eshop\/wp-json\/wp\/v2\/product\/21799\/revisions"}],"predecessor-version":[{"id":26596,"href":"https:\/\/eterle.cz\/eshop\/wp-json\/wp\/v2\/product\/21799\/revisions\/26596"}],"wp:featuredmedia":[{"embeddable":true,"href":"https:\/\/eterle.cz\/eshop\/wp-json\/wp\/v2\/media\/21800"}],"wp:attachment":[{"href":"https:\/\/eterle.cz\/eshop\/wp-json\/wp\/v2\/media?parent=21799"}],"wp:term":[{"taxonomy":"product_brand","embeddable":true,"href":"https:\/\/eterle.cz\/eshop\/wp-json\/wp\/v2\/product_brand?post=21799"},{"taxonomy":"product_cat","embeddable":true,"href":"https:\/\/eterle.cz\/eshop\/wp-json\/wp\/v2\/product_cat?post=21799"},{"taxonomy":"product_tag","embeddable":true,"href":"https:\/\/eterle.cz\/eshop\/wp-json\/wp\/v2\/product_tag?post=21799"}],"curies":[{"name":"wp","href":"https:\/\/api.w.org\/{rel}","templated":true}]}}