{"id":21811,"date":"2024-10-25T01:35:40","date_gmt":"2024-10-24T23:35:40","guid":{"rendered":"https:\/\/eterle.cz\/eshop\/produkt\/sklenicky-na-sekt-2\/"},"modified":"2025-06-24T21:23:09","modified_gmt":"2025-06-24T19:23:09","slug":"sklenicky-na-sekt-2","status":"publish","type":"product","link":"https:\/\/eterle.cz\/eshop\/produkt\/sklenicky-na-sekt-2\/","title":{"rendered":"Skleni\u010dky na sekt"},"content":{"rendered":"<p>Kr\u00e1sn\u00e9 tenk\u00e9 skleni\u010dky se zaj\u00edmav\u011b to\u010denou nohou z rodinn\u00e9 skl\u00e1rny Stan\u011bk Harachov.<\/p>\n<p>Stav: perfektn\u00ed<br \/>\nZna\u010dka: Stan\u011bk Harachov<br \/>\nRozm\u011br<br \/>\nV\u00fd\u0161ka: 18 cm<br \/>\nObjem: 120 ml<\/p>\n","protected":false},"excerpt":{"rendered":"<p>Kr\u00e1sn\u00e9 tenk\u00e9 skleni\u010dky se zaj\u00edmav\u011b to\u010denou nohou z rodinn\u00e9 skl\u00e1rny Stan\u011bk Harachov. Stav: perfektn\u00ed Zna\u010dka: Stan\u011bk Harachov Rozm\u011br V\u00fd\u0161ka: 18<\/p>\n","protected":false},"featured_media":21812,"template":"","meta":[],"product_brand":[153],"product_cat":[75,134],"product_tag":[],"class_list":{"0":"post-21811","1":"product","2":"type-product","3":"status-publish","4":"has-post-thumbnail","6":"product_brand-eterle-cz","7":"product_cat-sklo","8":"product_cat-sklenice","10":"first","11":"instock","12":"purchasable","13":"product-type-simple"},"_links":{"self":[{"href":"https:\/\/eterle.cz\/eshop\/wp-json\/wp\/v2\/product\/21811","targetHints":{"allow":["GET"]}}],"collection":[{"href":"https:\/\/eterle.cz\/eshop\/wp-json\/wp\/v2\/product"}],"about":[{"href":"https:\/\/eterle.cz\/eshop\/wp-json\/wp\/v2\/types\/product"}],"version-history":[{"count":0,"href":"https:\/\/eterle.cz\/eshop\/wp-json\/wp\/v2\/product\/21811\/revisions"}],"wp:featuredmedia":[{"embeddable":true,"href":"https:\/\/eterle.cz\/eshop\/wp-json\/wp\/v2\/media\/21812"}],"wp:attachment":[{"href":"https:\/\/eterle.cz\/eshop\/wp-json\/wp\/v2\/media?parent=21811"}],"wp:term":[{"taxonomy":"product_brand","embeddable":true,"href":"https:\/\/eterle.cz\/eshop\/wp-json\/wp\/v2\/product_brand?post=21811"},{"taxonomy":"product_cat","embeddable":true,"href":"https:\/\/eterle.cz\/eshop\/wp-json\/wp\/v2\/product_cat?post=21811"},{"taxonomy":"product_tag","embeddable":true,"href":"https:\/\/eterle.cz\/eshop\/wp-json\/wp\/v2\/product_tag?post=21811"}],"curies":[{"name":"wp","href":"https:\/\/api.w.org\/{rel}","templated":true}]}}